{"id":2114,"date":"2026-02-03T13:13:56","date_gmt":"2026-02-03T12:13:56","guid":{"rendered":"https:\/\/labodicton.be\/stella\/?page_id=2114"},"modified":"2026-04-11T20:39:59","modified_gmt":"2026-04-11T18:39:59","slug":"distribution-dingredients","status":"publish","type":"page","link":"https:\/\/www.stella.fr\/fr\/qui-sommes-nous\/nos-activites\/distribution-dingredients\/","title":{"rendered":"Distribution d&rsquo;ingr\u00e9dients"},"content":{"rendered":"\t\t<div data-elementor-type=\"wp-page\" data-elementor-id=\"2114\" class=\"elementor elementor-2114\" data-elementor-post-type=\"page\">\n\t\t\t\t<div class=\"elementor-element elementor-element-08d0e01 e-flex e-con-boxed e-con e-parent\" data-id=\"08d0e01\" data-element_type=\"container\" data-e-type=\"container\" data-settings=\"{&quot;background_background&quot;:&quot;classic&quot;}\">\n\t\t\t\t\t<div class=\"e-con-inner\">\n\t\t\t\t<div class=\"elementor-element elementor-element-4eaf9fd elementor-icon-list--layout-inline elementor-mobile-align-center elementor-list-item-link-full_width elementor-widget elementor-widget-icon-list\" data-id=\"4eaf9fd\" data-element_type=\"widget\" data-e-type=\"widget\" data-widget_type=\"icon-list.default\">\n\t\t\t\t<div class=\"elementor-widget-container\">\n\t\t\t\t\t\t\t<ul class=\"elementor-icon-list-items elementor-inline-items\">\n\t\t\t\t\t\t\t<li class=\"elementor-icon-list-item elementor-inline-item\">\n\t\t\t\t\t\t\t\t\t\t\t<a href=\"https:\/\/www.stella.fr\/fr\/\">\n\n\t\t\t\t\t\t\t\t\t\t\t<span class=\"elementor-icon-list-text\">Accueil<\/span>\n\t\t\t\t\t\t\t\t\t\t\t<\/a>\n\t\t\t\t\t\t\t\t\t<\/li>\n\t\t\t\t\t\t\t\t<li class=\"elementor-icon-list-item elementor-inline-item\">\n\t\t\t\t\t\t\t\t\t\t\t<a href=\"https:\/\/www.stella.fr\/fr\/qui-sommes-nous\/\">\n\n\t\t\t\t\t\t\t\t\t\t\t\t<span class=\"elementor-icon-list-icon\">\n\t\t\t\t\t\t\t<i aria-hidden=\"true\" class=\"icon icon-right-arrow\"><\/i>\t\t\t\t\t\t<\/span>\n\t\t\t\t\t\t\t\t\t\t<span class=\"elementor-icon-list-text\">Qui sommes-nous ?<\/span>\n\t\t\t\t\t\t\t\t\t\t\t<\/a>\n\t\t\t\t\t\t\t\t\t<\/li>\n\t\t\t\t\t\t\t\t<li class=\"elementor-icon-list-item elementor-inline-item\">\n\t\t\t\t\t\t\t\t\t\t\t<a href=\"https:\/\/www.stella.fr\/fr\/qui-sommes-nous\/nos-activites\/\">\n\n\t\t\t\t\t\t\t\t\t\t\t\t<span class=\"elementor-icon-list-icon\">\n\t\t\t\t\t\t\t<i aria-hidden=\"true\" class=\"icon icon-right-arrow\"><\/i>\t\t\t\t\t\t<\/span>\n\t\t\t\t\t\t\t\t\t\t<span class=\"elementor-icon-list-text\">Nos activit\u00e9s<\/span>\n\t\t\t\t\t\t\t\t\t\t\t<\/a>\n\t\t\t\t\t\t\t\t\t<\/li>\n\t\t\t\t\t\t\t\t<li class=\"elementor-icon-list-item elementor-inline-item\">\n\t\t\t\t\t\t\t\t\t\t\t<a href=\"https:\/\/www.stella.fr\/fr\/qui-sommes-nous\/nos-activites\/distribution-dingredients\/\">\n\n\t\t\t\t\t\t\t\t\t\t\t\t<span class=\"elementor-icon-list-icon\">\n\t\t\t\t\t\t\t<i aria-hidden=\"true\" class=\"icon icon-right-arrow\"><\/i>\t\t\t\t\t\t<\/span>\n\t\t\t\t\t\t\t\t\t\t<span class=\"elementor-icon-list-text\">Distribution d'ingr\u00e9dients<\/span>\n\t\t\t\t\t\t\t\t\t\t\t<\/a>\n\t\t\t\t\t\t\t\t\t<\/li>\n\t\t\t\t\t\t<\/ul>\n\t\t\t\t\t\t<\/div>\n\t\t\t\t<\/div>\n\t\t\t\t<div class=\"elementor-element elementor-element-580fd83 elementor-widget elementor-widget-heading\" data-id=\"580fd83\" data-element_type=\"widget\" data-e-type=\"widget\" data-widget_type=\"heading.default\">\n\t\t\t\t<div class=\"elementor-widget-container\">\n\t\t\t\t\t<h1 class=\"elementor-heading-title elementor-size-default\">Distribution d'ingr\u00e9dients<\/h1>\t\t\t\t<\/div>\n\t\t\t\t<\/div>\n\t\t\t\t\t<\/div>\n\t\t\t\t<\/div>\n\t\t<div class=\"elementor-element elementor-element-c92350d e-flex e-con-boxed e-con e-parent\" data-id=\"c92350d\" data-element_type=\"container\" data-e-type=\"container\" data-settings=\"{&quot;background_background&quot;:&quot;classic&quot;}\">\n\t\t\t\t\t<div class=\"e-con-inner\">\n\t\t<div class=\"elementor-element elementor-element-0f0f450 e-con-full e-flex e-con e-child\" data-id=\"0f0f450\" data-element_type=\"container\" data-e-type=\"container\">\n\t\t<div class=\"elementor-element elementor-element-6954f5c e-con-full e-transform e-grid e-con e-child\" data-id=\"6954f5c\" data-element_type=\"container\" data-e-type=\"container\" data-settings=\"{&quot;_transform_translateY_effect_hover&quot;:{&quot;unit&quot;:&quot;px&quot;,&quot;size&quot;:-5,&quot;sizes&quot;:[]},&quot;_transform_translateX_effect_hover&quot;:{&quot;unit&quot;:&quot;px&quot;,&quot;size&quot;:&quot;&quot;,&quot;sizes&quot;:[]},&quot;_transform_translateX_effect_hover_tablet&quot;:{&quot;unit&quot;:&quot;px&quot;,&quot;size&quot;:&quot;&quot;,&quot;sizes&quot;:[]},&quot;_transform_translateX_effect_hover_mobile&quot;:{&quot;unit&quot;:&quot;px&quot;,&quot;size&quot;:&quot;&quot;,&quot;sizes&quot;:[]},&quot;_transform_translateY_effect_hover_tablet&quot;:{&quot;unit&quot;:&quot;px&quot;,&quot;size&quot;:&quot;&quot;,&quot;sizes&quot;:[]},&quot;_transform_translateY_effect_hover_mobile&quot;:{&quot;unit&quot;:&quot;px&quot;,&quot;size&quot;:&quot;&quot;,&quot;sizes&quot;:[]}}\">\n\t\t\t\t<div class=\"elementor-element elementor-element-ba92b2a elementor-widget elementor-widget-image\" data-id=\"ba92b2a\" data-element_type=\"widget\" data-e-type=\"widget\" data-widget_type=\"image.default\">\n\t\t\t\t<div class=\"elementor-widget-container\">\n\t\t\t\t\t\t\t\t\t\t\t\t\t\t\t<img fetchpriority=\"high\" decoding=\"async\" width=\"800\" height=\"800\" src=\"https:\/\/www.stella.fr\/wp-content\/uploads\/2025\/10\/pot-6-1024x1024.jpeg\" class=\"attachment-large size-large wp-image-879\" alt=\"pot de lanoline\" srcset=\"https:\/\/www.stella.fr\/wp-content\/uploads\/2025\/10\/pot-6-1024x1024.jpeg 1024w, https:\/\/www.stella.fr\/wp-content\/uploads\/2025\/10\/pot-6-300x300.jpeg 300w, https:\/\/www.stella.fr\/wp-content\/uploads\/2025\/10\/pot-6-150x150.jpeg 150w, https:\/\/www.stella.fr\/wp-content\/uploads\/2025\/10\/pot-6-768x767.jpeg 768w, https:\/\/www.stella.fr\/wp-content\/uploads\/2025\/10\/pot-6.jpeg 1500w\" sizes=\"(max-width: 800px) 100vw, 800px\" \/>\t\t\t\t\t\t\t\t\t\t\t\t\t\t\t<\/div>\n\t\t\t\t<\/div>\n\t\t\t\t<div class=\"elementor-element elementor-element-b9be0ad elementor-widget elementor-widget-image\" data-id=\"b9be0ad\" data-element_type=\"widget\" data-e-type=\"widget\" data-widget_type=\"image.default\">\n\t\t\t\t<div class=\"elementor-widget-container\">\n\t\t\t\t\t\t\t\t\t\t\t\t\t\t\t<img decoding=\"async\" width=\"800\" height=\"800\" src=\"https:\/\/www.stella.fr\/wp-content\/uploads\/2025\/10\/t-def-6-1024x1024.jpeg\" class=\"attachment-large size-large wp-image-881\" alt=\"t def 6\" srcset=\"https:\/\/www.stella.fr\/wp-content\/uploads\/2025\/10\/t-def-6-1024x1024.jpeg 1024w, https:\/\/www.stella.fr\/wp-content\/uploads\/2025\/10\/t-def-6-300x300.jpeg 300w, https:\/\/www.stella.fr\/wp-content\/uploads\/2025\/10\/t-def-6-150x150.jpeg 150w, https:\/\/www.stella.fr\/wp-content\/uploads\/2025\/10\/t-def-6-768x768.jpeg 768w, https:\/\/www.stella.fr\/wp-content\/uploads\/2025\/10\/t-def-6.jpeg 1500w\" sizes=\"(max-width: 800px) 100vw, 800px\" \/>\t\t\t\t\t\t\t\t\t\t\t\t\t\t\t<\/div>\n\t\t\t\t<\/div>\n\t\t\t\t<div class=\"elementor-element elementor-element-3ab9f07 elementor-widget elementor-widget-image\" data-id=\"3ab9f07\" data-element_type=\"widget\" data-e-type=\"widget\" data-widget_type=\"image.default\">\n\t\t\t\t<div class=\"elementor-widget-container\">\n\t\t\t\t\t\t\t\t\t\t\t\t\t\t\t<img decoding=\"async\" width=\"800\" height=\"800\" src=\"https:\/\/www.stella.fr\/wp-content\/uploads\/2025\/10\/pot-7-1024x1024.jpeg\" class=\"attachment-large size-large wp-image-880\" alt=\"pot de lanoline\" srcset=\"https:\/\/www.stella.fr\/wp-content\/uploads\/2025\/10\/pot-7-1024x1024.jpeg 1024w, https:\/\/www.stella.fr\/wp-content\/uploads\/2025\/10\/pot-7-300x300.jpeg 300w, https:\/\/www.stella.fr\/wp-content\/uploads\/2025\/10\/pot-7-150x150.jpeg 150w, https:\/\/www.stella.fr\/wp-content\/uploads\/2025\/10\/pot-7-768x768.jpeg 768w, https:\/\/www.stella.fr\/wp-content\/uploads\/2025\/10\/pot-7.jpeg 1500w\" sizes=\"(max-width: 800px) 100vw, 800px\" \/>\t\t\t\t\t\t\t\t\t\t\t\t\t\t\t<\/div>\n\t\t\t\t<\/div>\n\t\t\t\t<div class=\"elementor-element elementor-element-a7b7a24 elementor-widget elementor-widget-image\" data-id=\"a7b7a24\" data-element_type=\"widget\" data-e-type=\"widget\" data-widget_type=\"image.default\">\n\t\t\t\t<div class=\"elementor-widget-container\">\n\t\t\t\t\t\t\t\t\t\t\t\t\t\t\t<img loading=\"lazy\" decoding=\"async\" width=\"800\" height=\"800\" src=\"https:\/\/www.stella.fr\/wp-content\/uploads\/2025\/10\/tdef7-1024x1024.jpeg\" class=\"attachment-large size-large wp-image-897\" alt=\"tdef7\" srcset=\"https:\/\/www.stella.fr\/wp-content\/uploads\/2025\/10\/tdef7-1024x1024.jpeg 1024w, https:\/\/www.stella.fr\/wp-content\/uploads\/2025\/10\/tdef7-300x300.jpeg 300w, https:\/\/www.stella.fr\/wp-content\/uploads\/2025\/10\/tdef7-150x150.jpeg 150w, https:\/\/www.stella.fr\/wp-content\/uploads\/2025\/10\/tdef7-768x768.jpeg 768w, https:\/\/www.stella.fr\/wp-content\/uploads\/2025\/10\/tdef7.jpeg 1500w\" sizes=\"(max-width: 800px) 100vw, 800px\" \/>\t\t\t\t\t\t\t\t\t\t\t\t\t\t\t<\/div>\n\t\t\t\t<\/div>\n\t\t\t\t<div class=\"elementor-element elementor-element-0c025d2 elementor-widget elementor-widget-image\" data-id=\"0c025d2\" data-element_type=\"widget\" data-e-type=\"widget\" data-widget_type=\"image.default\">\n\t\t\t\t<div class=\"elementor-widget-container\">\n\t\t\t\t\t\t\t\t\t\t\t\t\t\t\t<img loading=\"lazy\" decoding=\"async\" width=\"800\" height=\"800\" src=\"https:\/\/www.stella.fr\/wp-content\/uploads\/2025\/10\/pot-3-1024x1024.jpeg\" class=\"attachment-large size-large wp-image-876\" alt=\"pot de lanoline\" srcset=\"https:\/\/www.stella.fr\/wp-content\/uploads\/2025\/10\/pot-3-1024x1024.jpeg 1024w, https:\/\/www.stella.fr\/wp-content\/uploads\/2025\/10\/pot-3-300x300.jpeg 300w, https:\/\/www.stella.fr\/wp-content\/uploads\/2025\/10\/pot-3-150x150.jpeg 150w, https:\/\/www.stella.fr\/wp-content\/uploads\/2025\/10\/pot-3-768x768.jpeg 768w, https:\/\/www.stella.fr\/wp-content\/uploads\/2025\/10\/pot-3.jpeg 1500w\" sizes=\"(max-width: 800px) 100vw, 800px\" \/>\t\t\t\t\t\t\t\t\t\t\t\t\t\t\t<\/div>\n\t\t\t\t<\/div>\n\t\t\t\t<div class=\"elementor-element elementor-element-1fd1156 elementor-widget elementor-widget-image\" data-id=\"1fd1156\" data-element_type=\"widget\" data-e-type=\"widget\" data-widget_type=\"image.default\">\n\t\t\t\t<div class=\"elementor-widget-container\">\n\t\t\t\t\t\t\t\t\t\t\t\t\t\t\t<img loading=\"lazy\" decoding=\"async\" width=\"800\" height=\"800\" src=\"https:\/\/www.stella.fr\/wp-content\/uploads\/2025\/10\/t-def-12-1024x1024.jpeg\" class=\"attachment-large size-large wp-image-887\" alt=\"t def 12\" srcset=\"https:\/\/www.stella.fr\/wp-content\/uploads\/2025\/10\/t-def-12-1024x1024.jpeg 1024w, https:\/\/www.stella.fr\/wp-content\/uploads\/2025\/10\/t-def-12-300x300.jpeg 300w, https:\/\/www.stella.fr\/wp-content\/uploads\/2025\/10\/t-def-12-150x150.jpeg 150w, https:\/\/www.stella.fr\/wp-content\/uploads\/2025\/10\/t-def-12-768x768.jpeg 768w, https:\/\/www.stella.fr\/wp-content\/uploads\/2025\/10\/t-def-12.jpeg 1500w\" sizes=\"(max-width: 800px) 100vw, 800px\" \/>\t\t\t\t\t\t\t\t\t\t\t\t\t\t\t<\/div>\n\t\t\t\t<\/div>\n\t\t\t\t<\/div>\n\t\t<div class=\"elementor-element elementor-element-7eb5e07 e-con-full e-flex e-con e-child\" data-id=\"7eb5e07\" data-element_type=\"container\" data-e-type=\"container\">\n\t\t<div class=\"elementor-element elementor-element-17bdf6a e-con-full e-flex e-con e-child\" data-id=\"17bdf6a\" data-element_type=\"container\" data-e-type=\"container\">\n\t\t\t\t<div class=\"elementor-element elementor-element-14337a9 elementor-widget elementor-widget-heading\" data-id=\"14337a9\" data-element_type=\"widget\" data-e-type=\"widget\" data-widget_type=\"heading.default\">\n\t\t\t\t<div class=\"elementor-widget-container\">\n\t\t\t\t\t<h2 class=\"elementor-heading-title elementor-size-default\">Les ingr\u00e9dients fonctionnels pour la sant\u00e9 de la peau, naturellement !<\/h2>\t\t\t\t<\/div>\n\t\t\t\t<\/div>\n\t\t\t\t<div class=\"elementor-element elementor-element-9ae9253 elementor-widget__width-initial elementor-widget elementor-widget-text-editor\" data-id=\"9ae9253\" data-element_type=\"widget\" data-e-type=\"widget\" data-widget_type=\"text-editor.default\">\n\t\t\t\t<div class=\"elementor-widget-container\">\n\t\t\t\t\t\t\t\t\t<p class=\"p1\">STELLA distribue des ingr\u00e9dients fonctionnels naturels soigneusement s\u00e9lectionn\u00e9s pour la sant\u00e9 et le bien-\u00eatre de la peau. Chaque mati\u00e8re premi\u00e8re est choisie pour des mises en formulation et des fabrications fiables.<\/p>\t\t\t\t\t\t\t\t<\/div>\n\t\t\t\t<\/div>\n\t\t\t\t<div class=\"elementor-element elementor-element-a9bffa4 elementor-widget-divider--view-line elementor-widget elementor-widget-divider\" data-id=\"a9bffa4\" data-element_type=\"widget\" data-e-type=\"widget\" data-widget_type=\"divider.default\">\n\t\t\t\t<div class=\"elementor-widget-container\">\n\t\t\t\t\t\t\t<div class=\"elementor-divider\">\n\t\t\t<span class=\"elementor-divider-separator\">\n\t\t\t\t\t\t<\/span>\n\t\t<\/div>\n\t\t\t\t\t\t<\/div>\n\t\t\t\t<\/div>\n\t\t\t\t<div class=\"elementor-element elementor-element-7eaf4c9 elementor-widget elementor-widget-heading\" data-id=\"7eaf4c9\" data-element_type=\"widget\" data-e-type=\"widget\" data-widget_type=\"heading.default\">\n\t\t\t\t<div class=\"elementor-widget-container\">\n\t\t\t\t\t<h2 class=\"elementor-heading-title elementor-size-default\">Performance en formulation<\/h2>\t\t\t\t<\/div>\n\t\t\t\t<\/div>\n\t\t\t\t<div class=\"elementor-element elementor-element-87fe4ca elementor-widget__width-initial elementor-widget elementor-widget-text-editor\" data-id=\"87fe4ca\" data-element_type=\"widget\" data-e-type=\"widget\" data-widget_type=\"text-editor.default\">\n\t\t\t\t<div class=\"elementor-widget-container\">\n\t\t\t\t\t\t\t\t\t<p>En plus de nos fabrications sur le site de Mouscron, nous utilisons notre expertise industrielle et technique pour distribuer des ingr\u00e9dients cosm\u00e9tiques et pharmaceutiques<\/p><p>STELLA collabore avec d<span style=\"background-color: transparent;\">es producteurs de mati\u00e8re premi\u00e8re au 4 coin du monde, et avec d<\/span><span style=\"background-color: transparent;\">es partenaires industriels sp\u00e9cialis\u00e9s, pour purifier, raffiner ou concentrer les mati\u00e8res premi\u00e8res que nous ne pouvons pas transformer nous m\u00eame.<\/span><\/p>\t\t\t\t\t\t\t\t<\/div>\n\t\t\t\t<\/div>\n\t\t\t\t<\/div>\n\t\t\t\t<\/div>\n\t\t\t\t<\/div>\n\t\t\t\t\t<\/div>\n\t\t\t\t<\/div>\n\t\t<div class=\"elementor-element elementor-element-6b4b5ba e-flex e-con-boxed e-con e-parent\" data-id=\"6b4b5ba\" data-element_type=\"container\" data-e-type=\"container\" data-settings=\"{&quot;background_background&quot;:&quot;classic&quot;}\">\n\t\t\t\t\t<div class=\"e-con-inner\">\n\t\t<div class=\"elementor-element elementor-element-08f98a8 e-con-full e-flex e-con e-child\" data-id=\"08f98a8\" data-element_type=\"container\" data-e-type=\"container\">\n\t\t<div class=\"elementor-element elementor-element-2fb55d0 e-con-full e-flex e-con e-child\" data-id=\"2fb55d0\" data-element_type=\"container\" data-e-type=\"container\">\n\t\t\t\t<div class=\"elementor-element elementor-element-8ccdb35 elementor-widget elementor-widget-heading\" data-id=\"8ccdb35\" data-element_type=\"widget\" data-e-type=\"widget\" data-widget_type=\"heading.default\">\n\t\t\t\t<div class=\"elementor-widget-container\">\n\t\t\t\t\t<h2 class=\"elementor-heading-title elementor-size-default\">Distribution sur mesure<\/h2>\t\t\t\t<\/div>\n\t\t\t\t<\/div>\n\t\t\t\t<div class=\"elementor-element elementor-element-bebb4a3 elementor-widget__width-initial elementor-widget elementor-widget-text-editor\" data-id=\"bebb4a3\" data-element_type=\"widget\" data-e-type=\"widget\" data-widget_type=\"text-editor.default\">\n\t\t\t\t<div class=\"elementor-widget-container\">\n\t\t\t\t\t\t\t\t\t<p class=\"p1\">STELLA accompagne ses clients avec des services de logistique et de conditionnement flexibles, garantissant tra\u00e7abilit\u00e9, qualit\u00e9 constante et conditionnements adapt\u00e9s aux besoins sp\u00e9cifiques des industriels: Disponibilit\u00e9 imm\u00e9diate, pas de MOQ, tra\u00e7abilit\u00e9 compl\u00e8te, dossier documentaire sur mesure.<\/p>\t\t\t\t\t\t\t\t<\/div>\n\t\t\t\t<\/div>\n\t\t\t\t<div class=\"elementor-element elementor-element-e40055a elementor-widget-divider--view-line elementor-widget elementor-widget-divider\" data-id=\"e40055a\" data-element_type=\"widget\" data-e-type=\"widget\" data-widget_type=\"divider.default\">\n\t\t\t\t<div class=\"elementor-widget-container\">\n\t\t\t\t\t\t\t<div class=\"elementor-divider\">\n\t\t\t<span class=\"elementor-divider-separator\">\n\t\t\t\t\t\t<\/span>\n\t\t<\/div>\n\t\t\t\t\t\t<\/div>\n\t\t\t\t<\/div>\n\t\t\t\t<div class=\"elementor-element elementor-element-1527449 elementor-widget elementor-widget-heading\" data-id=\"1527449\" data-element_type=\"widget\" data-e-type=\"widget\" data-widget_type=\"heading.default\">\n\t\t\t\t<div class=\"elementor-widget-container\">\n\t\t\t\t\t<h2 class=\"elementor-heading-title elementor-size-default\">Engagement bien-\u00eatre<\/h2>\t\t\t\t<\/div>\n\t\t\t\t<\/div>\n\t\t\t\t<div class=\"elementor-element elementor-element-136eebc elementor-widget__width-initial elementor-widget elementor-widget-text-editor\" data-id=\"136eebc\" data-element_type=\"widget\" data-e-type=\"widget\" data-widget_type=\"text-editor.default\">\n\t\t\t\t<div class=\"elementor-widget-container\">\n\t\t\t\t\t\t\t\t\t<p class=\"p1\">Au c\u0153ur de son activit\u00e9, STELLA place la sant\u00e9 de la peau au centre de ses choix. En associant naturalit\u00e9, s\u00e9curit\u00e9 et performance pour s\u00e9lectionner ses partenaires et son offre d\u2019ingr\u00e9dients, l\u2019entreprise contribue au d\u00e9veloppement de produits cosm\u00e9tiques et pharmaceutiques plus sains, responsables et respectueux de la peau.<\/p>\t\t\t\t\t\t\t\t<\/div>\n\t\t\t\t<\/div>\n\t\t\t\t<\/div>\n\t\t<div class=\"elementor-element elementor-element-f5a61be e-con-full e-grid e-con e-child\" data-id=\"f5a61be\" data-element_type=\"container\" data-e-type=\"container\">\n\t\t\t\t<div class=\"elementor-element elementor-element-57ec2b6 elementor-widget elementor-widget-image\" data-id=\"57ec2b6\" data-element_type=\"widget\" data-e-type=\"widget\" data-widget_type=\"image.default\">\n\t\t\t\t<div class=\"elementor-widget-container\">\n\t\t\t\t\t\t\t\t\t\t\t\t\t\t\t<img loading=\"lazy\" decoding=\"async\" width=\"593\" height=\"1024\" src=\"https:\/\/www.stella.fr\/wp-content\/uploads\/2026\/04\/whatsapp-image-2026-04-09-at-12.04.35-1-593x1024.jpeg\" class=\"attachment-large size-large wp-image-4040\" alt=\"whatsapp image 2026 04 09 at 12.04.35 (1)\" srcset=\"https:\/\/www.stella.fr\/wp-content\/uploads\/2026\/04\/whatsapp-image-2026-04-09-at-12.04.35-1-593x1024.jpeg 593w, https:\/\/www.stella.fr\/wp-content\/uploads\/2026\/04\/whatsapp-image-2026-04-09-at-12.04.35-1-174x300.jpeg 174w, https:\/\/www.stella.fr\/wp-content\/uploads\/2026\/04\/whatsapp-image-2026-04-09-at-12.04.35-1-768x1327.jpeg 768w, https:\/\/www.stella.fr\/wp-content\/uploads\/2026\/04\/whatsapp-image-2026-04-09-at-12.04.35-1-889x1536.jpeg 889w, https:\/\/www.stella.fr\/wp-content\/uploads\/2026\/04\/whatsapp-image-2026-04-09-at-12.04.35-1.jpeg 1185w\" sizes=\"(max-width: 593px) 100vw, 593px\" \/>\t\t\t\t\t\t\t\t\t\t\t\t\t\t\t<\/div>\n\t\t\t\t<\/div>\n\t\t\t\t<div class=\"elementor-element elementor-element-a757d60 elementor-widget elementor-widget-image\" data-id=\"a757d60\" data-element_type=\"widget\" data-e-type=\"widget\" data-widget_type=\"image.default\">\n\t\t\t\t<div class=\"elementor-widget-container\">\n\t\t\t\t\t\t\t\t\t\t\t\t\t\t\t<img loading=\"lazy\" decoding=\"async\" width=\"800\" height=\"450\" src=\"https:\/\/www.stella.fr\/wp-content\/uploads\/2026\/04\/white-yellow-powder-scoop-close-up.jpg\" class=\"attachment-large size-large wp-image-4039\" alt=\"white yellow powder scoop close up\" srcset=\"https:\/\/www.stella.fr\/wp-content\/uploads\/2026\/04\/white-yellow-powder-scoop-close-up.jpg 836w, https:\/\/www.stella.fr\/wp-content\/uploads\/2026\/04\/white-yellow-powder-scoop-close-up-300x169.jpg 300w, https:\/\/www.stella.fr\/wp-content\/uploads\/2026\/04\/white-yellow-powder-scoop-close-up-768x432.jpg 768w\" sizes=\"(max-width: 800px) 100vw, 800px\" \/>\t\t\t\t\t\t\t\t\t\t\t\t\t\t\t<\/div>\n\t\t\t\t<\/div>\n\t\t\t\t<\/div>\n\t\t\t\t<\/div>\n\t\t\t\t\t<\/div>\n\t\t\t\t<\/div>\n\t\t\t\t<\/div>\n\t\t","protected":false},"excerpt":{"rendered":"<p>Accueil Qui sommes-nous ? Nos activit\u00e9s Distribution d&rsquo;ingr\u00e9dients Distribution d&rsquo;ingr\u00e9dients Les ingr\u00e9dients fonctionnels pour la sant\u00e9 de la peau, naturellement ! STELLA distribue des ingr\u00e9dients fonctionnels naturels soigneusement s\u00e9lectionn\u00e9s pour la sant\u00e9 et le bien-\u00eatre de la peau. Chaque mati\u00e8re premi\u00e8re est choisie pour des mises en formulation et des fabrications fiables. Performance en formulation [&hellip;]<\/p>\n","protected":false},"author":1,"featured_media":0,"parent":175,"menu_order":0,"comment_status":"closed","ping_status":"closed","template":"","meta":{"_acf_changed":false,"_seopress_robots_primary_cat":"","_seopress_titles_title":"Distribution d'ingr\u00e9dients - Stella","_seopress_titles_desc":"Stella distribue des ingr\u00e9dients fonctionnels naturels pour la sant\u00e9 de la peau. Logistique flexible, tra\u00e7abilit\u00e9 compl\u00e8te, sans minimum de commande, au service des industries cosm\u00e9tique et pharmaceutique.","_seopress_robots_index":"","footnotes":""},"class_list":["post-2114","page","type-page","status-publish"],"acf":[],"_links":{"self":[{"href":"https:\/\/www.stella.fr\/fr\/wp-json\/wp\/v2\/pages\/2114","targetHints":{"allow":["GET"]}}],"collection":[{"href":"https:\/\/www.stella.fr\/fr\/wp-json\/wp\/v2\/pages"}],"about":[{"href":"https:\/\/www.stella.fr\/fr\/wp-json\/wp\/v2\/types\/page"}],"author":[{"embeddable":true,"href":"https:\/\/www.stella.fr\/fr\/wp-json\/wp\/v2\/users\/1"}],"replies":[{"embeddable":true,"href":"https:\/\/www.stella.fr\/fr\/wp-json\/wp\/v2\/comments?post=2114"}],"version-history":[{"count":5,"href":"https:\/\/www.stella.fr\/fr\/wp-json\/wp\/v2\/pages\/2114\/revisions"}],"predecessor-version":[{"id":4279,"href":"https:\/\/www.stella.fr\/fr\/wp-json\/wp\/v2\/pages\/2114\/revisions\/4279"}],"up":[{"embeddable":true,"href":"https:\/\/www.stella.fr\/fr\/wp-json\/wp\/v2\/pages\/175"}],"wp:attachment":[{"href":"https:\/\/www.stella.fr\/fr\/wp-json\/wp\/v2\/media?parent=2114"}],"curies":[{"name":"wp","href":"https:\/\/api.w.org\/{rel}","templated":true}]}}