{"id":218,"date":"2025-09-15T14:29:45","date_gmt":"2025-09-15T12:29:45","guid":{"rendered":"https:\/\/labodicton.be\/stella\/?page_id=218"},"modified":"2026-04-11T20:33:09","modified_gmt":"2026-04-11T18:33:09","slug":"ingredients-naturels","status":"publish","type":"page","link":"https:\/\/www.stella.fr\/fr\/ingredients-naturels\/","title":{"rendered":"Lanolines &amp; Ingr\u00e9dients naturels"},"content":{"rendered":"\t\t<div data-elementor-type=\"wp-page\" data-elementor-id=\"218\" class=\"elementor elementor-218\" data-elementor-post-type=\"page\">\n\t\t\t\t<div class=\"elementor-element elementor-element-3bd774a e-flex e-con-boxed e-con e-parent\" data-id=\"3bd774a\" data-element_type=\"container\" data-e-type=\"container\" data-settings=\"{&quot;background_background&quot;:&quot;classic&quot;}\">\n\t\t\t\t\t<div class=\"e-con-inner\">\n\t\t\t\t<div class=\"elementor-element elementor-element-da3dada elementor-icon-list--layout-inline elementor-mobile-align-center elementor-list-item-link-full_width elementor-widget elementor-widget-icon-list\" data-id=\"da3dada\" data-element_type=\"widget\" data-e-type=\"widget\" data-widget_type=\"icon-list.default\">\n\t\t\t\t<div class=\"elementor-widget-container\">\n\t\t\t\t\t\t\t<ul class=\"elementor-icon-list-items elementor-inline-items\">\n\t\t\t\t\t\t\t<li class=\"elementor-icon-list-item elementor-inline-item\">\n\t\t\t\t\t\t\t\t\t\t\t<a href=\"https:\/\/www.stella.fr\/fr\/\">\n\n\t\t\t\t\t\t\t\t\t\t\t<span class=\"elementor-icon-list-text\">Accueil<\/span>\n\t\t\t\t\t\t\t\t\t\t\t<\/a>\n\t\t\t\t\t\t\t\t\t<\/li>\n\t\t\t\t\t\t\t\t<li class=\"elementor-icon-list-item elementor-inline-item\">\n\t\t\t\t\t\t\t\t\t\t\t<a href=\"https:\/\/www.stella.fr\/fr\/ingredients-naturels\/\">\n\n\t\t\t\t\t\t\t\t\t\t\t\t<span class=\"elementor-icon-list-icon\">\n\t\t\t\t\t\t\t<i aria-hidden=\"true\" class=\"icon icon-right-arrow\"><\/i>\t\t\t\t\t\t<\/span>\n\t\t\t\t\t\t\t\t\t\t<span class=\"elementor-icon-list-text\">Lanolines &amp; Ingr\u00e9dients Naturels<\/span>\n\t\t\t\t\t\t\t\t\t\t\t<\/a>\n\t\t\t\t\t\t\t\t\t<\/li>\n\t\t\t\t\t\t<\/ul>\n\t\t\t\t\t\t<\/div>\n\t\t\t\t<\/div>\n\t\t\t\t<div class=\"elementor-element elementor-element-022dbfc elementor-widget elementor-widget-heading\" data-id=\"022dbfc\" data-element_type=\"widget\" data-e-type=\"widget\" data-widget_type=\"heading.default\">\n\t\t\t\t<div class=\"elementor-widget-container\">\n\t\t\t\t\t<h1 class=\"elementor-heading-title elementor-size-default\">Lanolines &amp; Ingr\u00e9dients Naturels<\/h1>\t\t\t\t<\/div>\n\t\t\t\t<\/div>\n\t\t\t\t\t<\/div>\n\t\t\t\t<\/div>\n\t\t<div class=\"elementor-element elementor-element-eb2eab1 e-flex e-con-boxed e-con e-parent\" data-id=\"eb2eab1\" data-element_type=\"container\" data-e-type=\"container\">\n\t\t\t\t\t<div class=\"e-con-inner\">\n\t\t<div class=\"elementor-element elementor-element-cca7f13 e-con-full e-transform e-grid elementor-hidden-mobile e-con e-child\" data-id=\"cca7f13\" data-element_type=\"container\" data-e-type=\"container\" data-settings=\"{&quot;_transform_translateY_effect_hover&quot;:{&quot;unit&quot;:&quot;px&quot;,&quot;size&quot;:-5,&quot;sizes&quot;:[]},&quot;_transform_translateX_effect_hover&quot;:{&quot;unit&quot;:&quot;px&quot;,&quot;size&quot;:&quot;&quot;,&quot;sizes&quot;:[]},&quot;_transform_translateX_effect_hover_tablet&quot;:{&quot;unit&quot;:&quot;px&quot;,&quot;size&quot;:&quot;&quot;,&quot;sizes&quot;:[]},&quot;_transform_translateX_effect_hover_mobile&quot;:{&quot;unit&quot;:&quot;px&quot;,&quot;size&quot;:&quot;&quot;,&quot;sizes&quot;:[]},&quot;_transform_translateY_effect_hover_tablet&quot;:{&quot;unit&quot;:&quot;px&quot;,&quot;size&quot;:&quot;&quot;,&quot;sizes&quot;:[]},&quot;_transform_translateY_effect_hover_mobile&quot;:{&quot;unit&quot;:&quot;px&quot;,&quot;size&quot;:&quot;&quot;,&quot;sizes&quot;:[]}}\">\n\t\t\t\t<div class=\"elementor-element elementor-element-0881cff elementor-widget elementor-widget-image\" data-id=\"0881cff\" data-element_type=\"widget\" data-e-type=\"widget\" data-widget_type=\"image.default\">\n\t\t\t\t<div class=\"elementor-widget-container\">\n\t\t\t\t\t\t\t\t\t\t\t\t\t\t\t<img fetchpriority=\"high\" decoding=\"async\" width=\"800\" height=\"800\" src=\"https:\/\/www.stella.fr\/wp-content\/uploads\/2025\/10\/def4-1024x1024.jpeg\" class=\"attachment-large size-large wp-image-862\" alt=\"d\u00e9riv\u00e9s de lanoline\" srcset=\"https:\/\/www.stella.fr\/wp-content\/uploads\/2025\/10\/def4-1024x1024.jpeg 1024w, https:\/\/www.stella.fr\/wp-content\/uploads\/2025\/10\/def4-300x300.jpeg 300w, https:\/\/www.stella.fr\/wp-content\/uploads\/2025\/10\/def4-150x150.jpeg 150w, https:\/\/www.stella.fr\/wp-content\/uploads\/2025\/10\/def4-768x768.jpeg 768w, https:\/\/www.stella.fr\/wp-content\/uploads\/2025\/10\/def4.jpeg 1500w\" sizes=\"(max-width: 800px) 100vw, 800px\" \/>\t\t\t\t\t\t\t\t\t\t\t\t\t\t\t<\/div>\n\t\t\t\t<\/div>\n\t\t\t\t<div class=\"elementor-element elementor-element-aadd90a elementor-widget elementor-widget-image\" data-id=\"aadd90a\" data-element_type=\"widget\" data-e-type=\"widget\" data-widget_type=\"image.default\">\n\t\t\t\t<div class=\"elementor-widget-container\">\n\t\t\t\t\t\t\t\t\t\t\t\t\t\t\t<img decoding=\"async\" width=\"800\" height=\"800\" src=\"https:\/\/www.stella.fr\/wp-content\/uploads\/2025\/10\/t-def-6-1024x1024.jpeg\" class=\"attachment-large size-large wp-image-881\" alt=\"t def 6\" srcset=\"https:\/\/www.stella.fr\/wp-content\/uploads\/2025\/10\/t-def-6-1024x1024.jpeg 1024w, https:\/\/www.stella.fr\/wp-content\/uploads\/2025\/10\/t-def-6-300x300.jpeg 300w, https:\/\/www.stella.fr\/wp-content\/uploads\/2025\/10\/t-def-6-150x150.jpeg 150w, https:\/\/www.stella.fr\/wp-content\/uploads\/2025\/10\/t-def-6-768x768.jpeg 768w, https:\/\/www.stella.fr\/wp-content\/uploads\/2025\/10\/t-def-6.jpeg 1500w\" sizes=\"(max-width: 800px) 100vw, 800px\" \/>\t\t\t\t\t\t\t\t\t\t\t\t\t\t\t<\/div>\n\t\t\t\t<\/div>\n\t\t\t\t<div class=\"elementor-element elementor-element-3b4164c elementor-widget elementor-widget-image\" data-id=\"3b4164c\" data-element_type=\"widget\" data-e-type=\"widget\" data-widget_type=\"image.default\">\n\t\t\t\t<div class=\"elementor-widget-container\">\n\t\t\t\t\t\t\t\t\t\t\t\t\t\t\t<img decoding=\"async\" width=\"800\" height=\"800\" src=\"https:\/\/www.stella.fr\/wp-content\/uploads\/2025\/10\/t-def-10-1024x1024.jpeg\" class=\"attachment-large size-large wp-image-885\" alt=\"t def 10\" srcset=\"https:\/\/www.stella.fr\/wp-content\/uploads\/2025\/10\/t-def-10-1024x1024.jpeg 1024w, https:\/\/www.stella.fr\/wp-content\/uploads\/2025\/10\/t-def-10-300x300.jpeg 300w, https:\/\/www.stella.fr\/wp-content\/uploads\/2025\/10\/t-def-10-150x150.jpeg 150w, https:\/\/www.stella.fr\/wp-content\/uploads\/2025\/10\/t-def-10-768x768.jpeg 768w, https:\/\/www.stella.fr\/wp-content\/uploads\/2025\/10\/t-def-10.jpeg 1500w\" sizes=\"(max-width: 800px) 100vw, 800px\" \/>\t\t\t\t\t\t\t\t\t\t\t\t\t\t\t<\/div>\n\t\t\t\t<\/div>\n\t\t\t\t<div class=\"elementor-element elementor-element-f87b833 elementor-widget elementor-widget-image\" data-id=\"f87b833\" data-element_type=\"widget\" data-e-type=\"widget\" data-widget_type=\"image.default\">\n\t\t\t\t<div class=\"elementor-widget-container\">\n\t\t\t\t\t\t\t\t\t\t\t\t\t\t\t<img loading=\"lazy\" decoding=\"async\" width=\"800\" height=\"800\" src=\"https:\/\/www.stella.fr\/wp-content\/uploads\/2025\/10\/tdef7-1024x1024.jpeg\" class=\"attachment-large size-large wp-image-897\" alt=\"tdef7\" srcset=\"https:\/\/www.stella.fr\/wp-content\/uploads\/2025\/10\/tdef7-1024x1024.jpeg 1024w, https:\/\/www.stella.fr\/wp-content\/uploads\/2025\/10\/tdef7-300x300.jpeg 300w, https:\/\/www.stella.fr\/wp-content\/uploads\/2025\/10\/tdef7-150x150.jpeg 150w, https:\/\/www.stella.fr\/wp-content\/uploads\/2025\/10\/tdef7-768x768.jpeg 768w, https:\/\/www.stella.fr\/wp-content\/uploads\/2025\/10\/tdef7.jpeg 1500w\" sizes=\"(max-width: 800px) 100vw, 800px\" \/>\t\t\t\t\t\t\t\t\t\t\t\t\t\t\t<\/div>\n\t\t\t\t<\/div>\n\t\t\t\t<div class=\"elementor-element elementor-element-4372f8d elementor-widget elementor-widget-image\" data-id=\"4372f8d\" data-element_type=\"widget\" data-e-type=\"widget\" data-widget_type=\"image.default\">\n\t\t\t\t<div class=\"elementor-widget-container\">\n\t\t\t\t\t\t\t\t\t\t\t\t\t\t\t<img loading=\"lazy\" decoding=\"async\" width=\"340\" height=\"345\" src=\"https:\/\/www.stella.fr\/wp-content\/uploads\/2026\/02\/lanoline-liquide.png\" class=\"attachment-large size-large wp-image-2601\" alt=\"lanoline liquide\" srcset=\"https:\/\/www.stella.fr\/wp-content\/uploads\/2026\/02\/lanoline-liquide.png 340w, https:\/\/www.stella.fr\/wp-content\/uploads\/2026\/02\/lanoline-liquide-296x300.png 296w\" sizes=\"(max-width: 340px) 100vw, 340px\" \/>\t\t\t\t\t\t\t\t\t\t\t\t\t\t\t<\/div>\n\t\t\t\t<\/div>\n\t\t\t\t<div class=\"elementor-element elementor-element-71d027c elementor-widget elementor-widget-image\" data-id=\"71d027c\" data-element_type=\"widget\" data-e-type=\"widget\" data-widget_type=\"image.default\">\n\t\t\t\t<div class=\"elementor-widget-container\">\n\t\t\t\t\t\t\t\t\t\t\t\t\t\t\t<img loading=\"lazy\" decoding=\"async\" width=\"800\" height=\"800\" src=\"https:\/\/www.stella.fr\/wp-content\/uploads\/2025\/10\/t-def-12-1024x1024.jpeg\" class=\"attachment-large size-large wp-image-887\" alt=\"t def 12\" srcset=\"https:\/\/www.stella.fr\/wp-content\/uploads\/2025\/10\/t-def-12-1024x1024.jpeg 1024w, https:\/\/www.stella.fr\/wp-content\/uploads\/2025\/10\/t-def-12-300x300.jpeg 300w, https:\/\/www.stella.fr\/wp-content\/uploads\/2025\/10\/t-def-12-150x150.jpeg 150w, https:\/\/www.stella.fr\/wp-content\/uploads\/2025\/10\/t-def-12-768x768.jpeg 768w, https:\/\/www.stella.fr\/wp-content\/uploads\/2025\/10\/t-def-12.jpeg 1500w\" sizes=\"(max-width: 800px) 100vw, 800px\" \/>\t\t\t\t\t\t\t\t\t\t\t\t\t\t\t<\/div>\n\t\t\t\t<\/div>\n\t\t\t\t<\/div>\n\t\t<div class=\"elementor-element elementor-element-564f24e e-con-full e-flex e-con e-child\" data-id=\"564f24e\" data-element_type=\"container\" data-e-type=\"container\">\n\t\t\t\t<div class=\"elementor-element elementor-element-7746c9d elementor-widget elementor-widget-text-editor\" data-id=\"7746c9d\" data-element_type=\"widget\" data-e-type=\"widget\" data-widget_type=\"text-editor.default\">\n\t\t\t\t<div class=\"elementor-widget-container\">\n\t\t\t\t\t\t\t\t\t<p>Close to Nature<\/p>\t\t\t\t\t\t\t\t<\/div>\n\t\t\t\t<\/div>\n\t\t\t\t<div class=\"elementor-element elementor-element-7fdaf0b elementor-widget-mobile__width-initial elementor-widget elementor-widget-heading\" data-id=\"7fdaf0b\" data-element_type=\"widget\" data-e-type=\"widget\" data-widget_type=\"heading.default\">\n\t\t\t\t<div class=\"elementor-widget-container\">\n\t\t\t\t\t<h2 class=\"elementor-heading-title elementor-size-default\">D\u00e9couvrez nos produits <\/h2>\t\t\t\t<\/div>\n\t\t\t\t<\/div>\n\t\t\t\t<div class=\"elementor-element elementor-element-463ef29 elementor-widget elementor-widget-text-editor\" data-id=\"463ef29\" data-element_type=\"widget\" data-e-type=\"widget\" data-widget_type=\"text-editor.default\">\n\t\t\t\t<div class=\"elementor-widget-container\">\n\t\t\t\t\t\t\t\t\t<p data-pm-slice=\"0 0 []\">\n<\/p><p data-pm-slice=\"0 0 []\">Stella propose une gamme d\u2019ingr\u00e9dients, essentiels \u00e0 la <b>sant\u00e9 de la peau<\/b>, d\u2019<b>origine naturelle<\/b> d\u00e9riv\u00e9s de mati\u00e8res v\u00e9g\u00e9tales ou animales.<\/p><p data-pm-slice=\"0 0 []\">Ces ingr\u00e9dients sont produits dans nos ateliers, ou ceux de nos partenaires, selon des proc\u00e9d\u00e9s que nous ma\u00eetrisons, et que nous avons valid\u00e9s pour leur respect de l&rsquo;environnement, de l&rsquo;utilisateur, et des pharmacop\u00e9es en vigueur.&nbsp;<\/p>\n<p data-pm-slice=\"0 0 []\">Chaque ingr\u00e9dient propos\u00e9 est caract\u00e9ris\u00e9e par un haut niveau de <b>puret\u00e9<\/b>, une <b>tra\u00e7abilit\u00e9<\/b> rigoureuse et des<b> performances<\/b> adapt\u00e9es aux exigences des industries pharmaceutique, cosm\u00e9tique et dermo-soin.<\/p>\n<p data-pm-slice=\"0 0 []\">Stella peut aussi adapter ses produits selon vos exigences et vos besoins fonctionnels pour la mise en formulation. N&rsquo;h\u00e9sitez pas \u00e0 nous contacter !<\/p>\t\t\t\t\t\t\t\t<\/div>\n\t\t\t\t<\/div>\n\t\t\t\t<\/div>\n\t\t\t\t\t<\/div>\n\t\t\t\t<\/div>\n\t\t<div class=\"elementor-element elementor-element-9045b58 e-flex e-con-boxed e-con e-parent\" data-id=\"9045b58\" data-element_type=\"container\" data-e-type=\"container\" data-settings=\"{&quot;background_background&quot;:&quot;classic&quot;}\">\n\t\t\t\t\t<div class=\"e-con-inner\">\n\t\t<div class=\"elementor-element elementor-element-1b39c31 e-con-full e-flex e-con e-child\" data-id=\"1b39c31\" data-element_type=\"container\" data-e-type=\"container\">\n\t\t\t\t<div class=\"elementor-element elementor-element-6a6651e elementor-widget-mobile__width-initial elementor-widget elementor-widget-heading\" data-id=\"6a6651e\" data-element_type=\"widget\" data-e-type=\"widget\" data-widget_type=\"heading.default\">\n\t\t\t\t<div class=\"elementor-widget-container\">\n\t\t\t\t\t<h2 class=\"elementor-heading-title elementor-size-default\">Nos gammes d\u2019ingr\u00e9dients<\/h2>\t\t\t\t<\/div>\n\t\t\t\t<\/div>\n\t\t\t\t<div class=\"elementor-element elementor-element-bc0c8f8 elementor-widget__width-initial elementor-widget elementor-widget-text-editor\" data-id=\"bc0c8f8\" data-element_type=\"widget\" data-e-type=\"widget\" data-widget_type=\"text-editor.default\">\n\t\t\t\t<div class=\"elementor-widget-container\">\n\t\t\t\t\t\t\t\t\t<p data-pm-slice=\"0 0 []\">Acc\u00e9dez \u00e0 notre portefeuille de lanolines, d\u00e9riv\u00e9s fonctionnels et solutions de conservation, d\u00e9velopp\u00e9s \u00e0 partir de corps gras purifi\u00e9s et trac\u00e9s, pour r\u00e9pondre aux exigences des applications cosm\u00e9tiques et pharmaceutiques.<\/p>\t\t\t\t\t\t\t\t<\/div>\n\t\t\t\t<\/div>\n\t\t\t\t<\/div>\n\t\t<div class=\"elementor-element elementor-element-3989bcd e-grid e-con-full e-con e-child\" data-id=\"3989bcd\" data-element_type=\"container\" data-e-type=\"container\">\n\t\t<div class=\"elementor-element elementor-element-8c9009f e-con-full e-transform e-flex e-con e-child\" data-id=\"8c9009f\" data-element_type=\"container\" data-e-type=\"container\" data-settings=\"{&quot;background_background&quot;:&quot;classic&quot;,&quot;_transform_translateY_effect_hover&quot;:{&quot;unit&quot;:&quot;px&quot;,&quot;size&quot;:-5,&quot;sizes&quot;:[]},&quot;_transform_translateX_effect_hover&quot;:{&quot;unit&quot;:&quot;px&quot;,&quot;size&quot;:&quot;&quot;,&quot;sizes&quot;:[]},&quot;_transform_translateX_effect_hover_tablet&quot;:{&quot;unit&quot;:&quot;px&quot;,&quot;size&quot;:&quot;&quot;,&quot;sizes&quot;:[]},&quot;_transform_translateX_effect_hover_mobile&quot;:{&quot;unit&quot;:&quot;px&quot;,&quot;size&quot;:&quot;&quot;,&quot;sizes&quot;:[]},&quot;_transform_translateY_effect_hover_tablet&quot;:{&quot;unit&quot;:&quot;px&quot;,&quot;size&quot;:&quot;&quot;,&quot;sizes&quot;:[]},&quot;_transform_translateY_effect_hover_mobile&quot;:{&quot;unit&quot;:&quot;px&quot;,&quot;size&quot;:&quot;&quot;,&quot;sizes&quot;:[]}}\">\n\t\t<div class=\"elementor-element elementor-element-2d51153 e-con-full e-flex e-con e-child\" data-id=\"2d51153\" data-element_type=\"container\" data-e-type=\"container\">\n\t\t\t\t<div class=\"elementor-element elementor-element-a1fa6e0 elementor-widget elementor-widget-text-editor\" data-id=\"a1fa6e0\" data-element_type=\"widget\" data-e-type=\"widget\" data-widget_type=\"text-editor.default\">\n\t\t\t\t<div class=\"elementor-widget-container\">\n\t\t\t\t\t\t\t\t\t<p data-pm-slice=\"1 1 []\">Lanolines<\/p>\t\t\t\t\t\t\t\t<\/div>\n\t\t\t\t<\/div>\n\t\t\t\t<div class=\"elementor-element elementor-element-22733b5 elementor-widget-divider--view-line elementor-widget elementor-widget-divider\" data-id=\"22733b5\" data-element_type=\"widget\" data-e-type=\"widget\" data-widget_type=\"divider.default\">\n\t\t\t\t<div class=\"elementor-widget-container\">\n\t\t\t\t\t\t\t<div class=\"elementor-divider\">\n\t\t\t<span class=\"elementor-divider-separator\">\n\t\t\t\t\t\t<\/span>\n\t\t<\/div>\n\t\t\t\t\t\t<\/div>\n\t\t\t\t<\/div>\n\t\t\t\t<div class=\"elementor-element elementor-element-5c5db3b elementor-widget elementor-widget-button\" data-id=\"5c5db3b\" data-element_type=\"widget\" data-e-type=\"widget\" data-widget_type=\"button.default\">\n\t\t\t\t<div class=\"elementor-widget-container\">\n\t\t\t\t\t\t\t\t\t<div class=\"elementor-button-wrapper\">\n\t\t\t\t\t<a class=\"elementor-button elementor-button-link elementor-size-sm\" href=\"https:\/\/www.stella.fr\/fr\/ingredients-naturels\/lanolines\/\">\n\t\t\t\t\t\t<span class=\"elementor-button-content-wrapper\">\n\t\t\t\t\t\t\t\t\t<span class=\"elementor-button-text\">Voir la gamme<\/span>\n\t\t\t\t\t<\/span>\n\t\t\t\t\t<\/a>\n\t\t\t\t<\/div>\n\t\t\t\t\t\t\t\t<\/div>\n\t\t\t\t<\/div>\n\t\t\t\t<\/div>\n\t\t\t\t<\/div>\n\t\t<div class=\"elementor-element elementor-element-6122183 e-con-full e-transform e-flex e-con e-child\" data-id=\"6122183\" data-element_type=\"container\" data-e-type=\"container\" data-settings=\"{&quot;background_background&quot;:&quot;classic&quot;,&quot;_transform_translateY_effect_hover&quot;:{&quot;unit&quot;:&quot;px&quot;,&quot;size&quot;:-5,&quot;sizes&quot;:[]},&quot;_transform_translateX_effect_hover&quot;:{&quot;unit&quot;:&quot;px&quot;,&quot;size&quot;:&quot;&quot;,&quot;sizes&quot;:[]},&quot;_transform_translateX_effect_hover_tablet&quot;:{&quot;unit&quot;:&quot;px&quot;,&quot;size&quot;:&quot;&quot;,&quot;sizes&quot;:[]},&quot;_transform_translateX_effect_hover_mobile&quot;:{&quot;unit&quot;:&quot;px&quot;,&quot;size&quot;:&quot;&quot;,&quot;sizes&quot;:[]},&quot;_transform_translateY_effect_hover_tablet&quot;:{&quot;unit&quot;:&quot;px&quot;,&quot;size&quot;:&quot;&quot;,&quot;sizes&quot;:[]},&quot;_transform_translateY_effect_hover_mobile&quot;:{&quot;unit&quot;:&quot;px&quot;,&quot;size&quot;:&quot;&quot;,&quot;sizes&quot;:[]}}\">\n\t\t<div class=\"elementor-element elementor-element-90d5375 e-con-full e-flex e-con e-child\" data-id=\"90d5375\" data-element_type=\"container\" data-e-type=\"container\">\n\t\t\t\t<div class=\"elementor-element elementor-element-d3eff24 elementor-widget elementor-widget-text-editor\" data-id=\"d3eff24\" data-element_type=\"widget\" data-e-type=\"widget\" data-widget_type=\"text-editor.default\">\n\t\t\t\t<div class=\"elementor-widget-container\">\n\t\t\t\t\t\t\t\t\t<p data-pm-slice=\"1 1 []\">D\u00e9riv\u00e9s de lanoline<\/p>\t\t\t\t\t\t\t\t<\/div>\n\t\t\t\t<\/div>\n\t\t\t\t<div class=\"elementor-element elementor-element-207850c elementor-widget-divider--view-line elementor-widget elementor-widget-divider\" data-id=\"207850c\" data-element_type=\"widget\" data-e-type=\"widget\" data-widget_type=\"divider.default\">\n\t\t\t\t<div class=\"elementor-widget-container\">\n\t\t\t\t\t\t\t<div class=\"elementor-divider\">\n\t\t\t<span class=\"elementor-divider-separator\">\n\t\t\t\t\t\t<\/span>\n\t\t<\/div>\n\t\t\t\t\t\t<\/div>\n\t\t\t\t<\/div>\n\t\t\t\t<div class=\"elementor-element elementor-element-b0eb108 elementor-widget elementor-widget-button\" data-id=\"b0eb108\" data-element_type=\"widget\" data-e-type=\"widget\" data-widget_type=\"button.default\">\n\t\t\t\t<div class=\"elementor-widget-container\">\n\t\t\t\t\t\t\t\t\t<div class=\"elementor-button-wrapper\">\n\t\t\t\t\t<a class=\"elementor-button elementor-button-link elementor-size-sm\" href=\"https:\/\/www.stella.fr\/fr\/ingredients-naturels\/derives-de-lanoline\/\">\n\t\t\t\t\t\t<span class=\"elementor-button-content-wrapper\">\n\t\t\t\t\t\t\t\t\t<span class=\"elementor-button-text\">Voir la gamme<\/span>\n\t\t\t\t\t<\/span>\n\t\t\t\t\t<\/a>\n\t\t\t\t<\/div>\n\t\t\t\t\t\t\t\t<\/div>\n\t\t\t\t<\/div>\n\t\t\t\t<\/div>\n\t\t\t\t<\/div>\n\t\t<div class=\"elementor-element elementor-element-e9b3dcf e-con-full e-transform e-flex e-con e-child\" data-id=\"e9b3dcf\" data-element_type=\"container\" data-e-type=\"container\" data-settings=\"{&quot;background_background&quot;:&quot;classic&quot;,&quot;_transform_translateY_effect_hover&quot;:{&quot;unit&quot;:&quot;px&quot;,&quot;size&quot;:-5,&quot;sizes&quot;:[]},&quot;_transform_translateX_effect_hover&quot;:{&quot;unit&quot;:&quot;px&quot;,&quot;size&quot;:&quot;&quot;,&quot;sizes&quot;:[]},&quot;_transform_translateX_effect_hover_tablet&quot;:{&quot;unit&quot;:&quot;px&quot;,&quot;size&quot;:&quot;&quot;,&quot;sizes&quot;:[]},&quot;_transform_translateX_effect_hover_mobile&quot;:{&quot;unit&quot;:&quot;px&quot;,&quot;size&quot;:&quot;&quot;,&quot;sizes&quot;:[]},&quot;_transform_translateY_effect_hover_tablet&quot;:{&quot;unit&quot;:&quot;px&quot;,&quot;size&quot;:&quot;&quot;,&quot;sizes&quot;:[]},&quot;_transform_translateY_effect_hover_mobile&quot;:{&quot;unit&quot;:&quot;px&quot;,&quot;size&quot;:&quot;&quot;,&quot;sizes&quot;:[]}}\">\n\t\t<div class=\"elementor-element elementor-element-3ba77cc e-con-full e-flex e-con e-child\" data-id=\"3ba77cc\" data-element_type=\"container\" data-e-type=\"container\">\n\t\t\t\t<div class=\"elementor-element elementor-element-99c4229 elementor-widget elementor-widget-text-editor\" data-id=\"99c4229\" data-element_type=\"widget\" data-e-type=\"widget\" data-widget_type=\"text-editor.default\">\n\t\t\t\t<div class=\"elementor-widget-container\">\n\t\t\t\t\t\t\t\t\t<p data-pm-slice=\"1 1 []\">Conservateurs naturels<\/p>\t\t\t\t\t\t\t\t<\/div>\n\t\t\t\t<\/div>\n\t\t\t\t<div class=\"elementor-element elementor-element-5d216df elementor-widget-divider--view-line elementor-widget elementor-widget-divider\" data-id=\"5d216df\" data-element_type=\"widget\" data-e-type=\"widget\" data-widget_type=\"divider.default\">\n\t\t\t\t<div class=\"elementor-widget-container\">\n\t\t\t\t\t\t\t<div class=\"elementor-divider\">\n\t\t\t<span class=\"elementor-divider-separator\">\n\t\t\t\t\t\t<\/span>\n\t\t<\/div>\n\t\t\t\t\t\t<\/div>\n\t\t\t\t<\/div>\n\t\t\t\t<div class=\"elementor-element elementor-element-8dd60a9 elementor-widget elementor-widget-button\" data-id=\"8dd60a9\" data-element_type=\"widget\" data-e-type=\"widget\" data-widget_type=\"button.default\">\n\t\t\t\t<div class=\"elementor-widget-container\">\n\t\t\t\t\t\t\t\t\t<div class=\"elementor-button-wrapper\">\n\t\t\t\t\t<a class=\"elementor-button elementor-button-link elementor-size-sm\" href=\"https:\/\/www.stella.fr\/fr\/ingredients-naturels\/conservateurs-naturels\/\">\n\t\t\t\t\t\t<span class=\"elementor-button-content-wrapper\">\n\t\t\t\t\t\t\t\t\t<span class=\"elementor-button-text\">Voir la gamme<\/span>\n\t\t\t\t\t<\/span>\n\t\t\t\t\t<\/a>\n\t\t\t\t<\/div>\n\t\t\t\t\t\t\t\t<\/div>\n\t\t\t\t<\/div>\n\t\t\t\t<\/div>\n\t\t\t\t<\/div>\n\t\t\t\t<\/div>\n\t\t\t\t\t<\/div>\n\t\t\t\t<\/div>\n\t\t\t\t<\/div>\n\t\t","protected":false},"excerpt":{"rendered":"<p>Accueil Lanolines &amp; Ingr\u00e9dients Naturels Lanolines &amp; Ingr\u00e9dients Naturels Close to Nature D\u00e9couvrez nos produits Stella propose une gamme d\u2019ingr\u00e9dients, essentiels \u00e0 la sant\u00e9 de la peau, d\u2019origine naturelle d\u00e9riv\u00e9s de mati\u00e8res v\u00e9g\u00e9tales ou animales. Ces ingr\u00e9dients sont produits dans nos ateliers, ou ceux de nos partenaires, selon des proc\u00e9d\u00e9s que nous ma\u00eetrisons, et que [&hellip;]<\/p>\n","protected":false},"author":1,"featured_media":0,"parent":0,"menu_order":0,"comment_status":"closed","ping_status":"closed","template":"elementor_header_footer","meta":{"_acf_changed":false,"_seopress_robots_primary_cat":"","_seopress_titles_title":"Lanolines & Ingr\u00e9dients naturels - Stella","_seopress_titles_desc":"D\u00e9couvrez la gamme Stella : lanolines purifi\u00e9es, d\u00e9riv\u00e9s fonctionnels et conservateurs naturels. Ingr\u00e9dients trac\u00e9s, haute puret\u00e9, conformes aux pharmacop\u00e9es, pour les industries cosm\u00e9tique et pharmaceutique.","_seopress_robots_index":"","footnotes":""},"class_list":["post-218","page","type-page","status-publish"],"acf":[],"_links":{"self":[{"href":"https:\/\/www.stella.fr\/fr\/wp-json\/wp\/v2\/pages\/218","targetHints":{"allow":["GET"]}}],"collection":[{"href":"https:\/\/www.stella.fr\/fr\/wp-json\/wp\/v2\/pages"}],"about":[{"href":"https:\/\/www.stella.fr\/fr\/wp-json\/wp\/v2\/types\/page"}],"author":[{"embeddable":true,"href":"https:\/\/www.stella.fr\/fr\/wp-json\/wp\/v2\/users\/1"}],"replies":[{"embeddable":true,"href":"https:\/\/www.stella.fr\/fr\/wp-json\/wp\/v2\/comments?post=218"}],"version-history":[{"count":5,"href":"https:\/\/www.stella.fr\/fr\/wp-json\/wp\/v2\/pages\/218\/revisions"}],"predecessor-version":[{"id":4243,"href":"https:\/\/www.stella.fr\/fr\/wp-json\/wp\/v2\/pages\/218\/revisions\/4243"}],"wp:attachment":[{"href":"https:\/\/www.stella.fr\/fr\/wp-json\/wp\/v2\/media?parent=218"}],"curies":[{"name":"wp","href":"https:\/\/api.w.org\/{rel}","templated":true}]}}