{"id":254,"date":"2025-09-15T14:32:55","date_gmt":"2025-09-15T12:32:55","guid":{"rendered":"https:\/\/labodicton.be\/stella\/?page_id=254"},"modified":"2026-04-11T20:36:08","modified_gmt":"2026-04-11T18:36:08","slug":"mentions-legales","status":"publish","type":"page","link":"https:\/\/www.stella.fr\/fr\/mentions-legales\/","title":{"rendered":"Mentions l\u00e9gales"},"content":{"rendered":"\t\t<div data-elementor-type=\"wp-page\" data-elementor-id=\"254\" class=\"elementor elementor-254\" data-elementor-post-type=\"page\">\n\t\t\t\t<div class=\"elementor-element elementor-element-2b8f5d0 e-flex e-con-boxed e-con e-parent\" data-id=\"2b8f5d0\" data-element_type=\"container\" data-e-type=\"container\" data-settings=\"{&quot;background_background&quot;:&quot;classic&quot;}\">\n\t\t\t\t\t<div class=\"e-con-inner\">\n\t\t\t\t<div class=\"elementor-element elementor-element-2f18d6c elementor-icon-list--layout-inline elementor-mobile-align-center elementor-list-item-link-full_width elementor-widget elementor-widget-icon-list\" data-id=\"2f18d6c\" data-element_type=\"widget\" data-e-type=\"widget\" data-widget_type=\"icon-list.default\">\n\t\t\t\t<div class=\"elementor-widget-container\">\n\t\t\t\t\t\t\t<ul class=\"elementor-icon-list-items elementor-inline-items\">\n\t\t\t\t\t\t\t<li class=\"elementor-icon-list-item elementor-inline-item\">\n\t\t\t\t\t\t\t\t\t\t\t<a href=\"https:\/\/www.stella.fr\/fr\/\">\n\n\t\t\t\t\t\t\t\t\t\t\t<span class=\"elementor-icon-list-text\">Accueil<\/span>\n\t\t\t\t\t\t\t\t\t\t\t<\/a>\n\t\t\t\t\t\t\t\t\t<\/li>\n\t\t\t\t\t\t\t\t<li class=\"elementor-icon-list-item elementor-inline-item\">\n\t\t\t\t\t\t\t\t\t\t\t<a href=\"https:\/\/www.stella.fr\/fr\/mentions-legales\/\">\n\n\t\t\t\t\t\t\t\t\t\t\t\t<span class=\"elementor-icon-list-icon\">\n\t\t\t\t\t\t\t<i aria-hidden=\"true\" class=\"icon icon-right-arrow\"><\/i>\t\t\t\t\t\t<\/span>\n\t\t\t\t\t\t\t\t\t\t<span class=\"elementor-icon-list-text\">Mentions l\u00e9gales<\/span>\n\t\t\t\t\t\t\t\t\t\t\t<\/a>\n\t\t\t\t\t\t\t\t\t<\/li>\n\t\t\t\t\t\t<\/ul>\n\t\t\t\t\t\t<\/div>\n\t\t\t\t<\/div>\n\t\t\t\t<div class=\"elementor-element elementor-element-bd33c77 elementor-widget elementor-widget-heading\" data-id=\"bd33c77\" data-element_type=\"widget\" data-e-type=\"widget\" data-widget_type=\"heading.default\">\n\t\t\t\t<div class=\"elementor-widget-container\">\n\t\t\t\t\t<h1 class=\"elementor-heading-title elementor-size-default\">Mentions l\u00e9gales<\/h1>\t\t\t\t<\/div>\n\t\t\t\t<\/div>\n\t\t\t\t\t<\/div>\n\t\t\t\t<\/div>\n\t\t<div class=\"elementor-element elementor-element-fea573a e-flex e-con-boxed e-con e-parent\" data-id=\"fea573a\" data-element_type=\"container\" data-e-type=\"container\">\n\t\t\t\t\t<div class=\"e-con-inner\">\n\t\t\t\t<div class=\"elementor-element elementor-element-7d02640 elementor-widget-mobile__width-initial elementor-widget elementor-widget-heading\" data-id=\"7d02640\" data-element_type=\"widget\" data-e-type=\"widget\" data-widget_type=\"heading.default\">\n\t\t\t\t<div class=\"elementor-widget-container\">\n\t\t\t\t\t<h2 class=\"elementor-heading-title elementor-size-default\">I. Informations<\/h2>\t\t\t\t<\/div>\n\t\t\t\t<\/div>\n\t\t\t\t<div class=\"elementor-element elementor-element-59bd8d4 elementor-widget elementor-widget-text-editor\" data-id=\"59bd8d4\" data-element_type=\"widget\" data-e-type=\"widget\" data-widget_type=\"text-editor.default\">\n\t\t\t\t<div class=\"elementor-widget-container\">\n\t\t\t\t\t\t\t\t\t<div class=\"ts-element-heading-wrapper ts-heading-inner ts-element-align-left ts-seperator-none vc_custom_1630397810882\"><section class=\"ts-vc_cta3-container\"><div class=\"ts-vc_general ts-vc_cta3 ts-cta3-only ts-vc_cta3-style-classic ts-vc_cta3-shape-rounded ts-vc_cta3-align-left ts-vc_cta3-color-transparent ts-vc_cta3-icon-size-md ts-vc_cta3-actions-no ts-cta3-with-desc\"><div class=\"ts-vc_cta3_content-container\"><div class=\"ts-vc_cta3-content\"><div class=\"ts-cta3-content-wrapper\"><p>Le pr\u00e9sent site internet, accessible \u00e0 l\u2019adresse<strong>\u00a0https:\/\/www.stella.fr\/<\/strong>\u00a0(ci-apr\u00e8s \u00ab\u00a0le Site\u00a0\u00bb), est \u00e9dit\u00e9 par\u00a0<strong>Dicton Communication<\/strong>\u00a0pour\u00a0<strong>STELLA SA<\/strong>\u00a0:<\/p><ul class=\"wp-block-list\"><li>D\u00e9nomination de l\u2019entreprise : STELLA SA<\/li><li>Adresse \u00e9lectronique : stella@stella.fr<\/li><li>Num\u00e9ro de t\u00e9l\u00e9phone : +32 (0)56 56 18 42<\/li><li>Adresse postale :<strong>\u00a0<\/strong>9B Rue des Garennes 7700 Mouscron<\/li><li>Num\u00e9ro de TVA :<strong>\u00a0<\/strong>BE0425151097<\/li><li>Coordonn\u00e9es de l\u2019h\u00e9bergeur du site internet :<strong>\u00a0<\/strong>IONOS SARL \u2013 7, place de la Gare, BP 70109, 57200 Sarreguemines Cedex, France<\/li><\/ul><\/div><\/div><\/div><\/div><\/section><\/div>\t\t\t\t\t\t\t\t<\/div>\n\t\t\t\t<\/div>\n\t\t\t\t<div class=\"elementor-element elementor-element-1e11d9d elementor-widget-mobile__width-initial elementor-widget elementor-widget-heading\" data-id=\"1e11d9d\" data-element_type=\"widget\" data-e-type=\"widget\" data-widget_type=\"heading.default\">\n\t\t\t\t<div class=\"elementor-widget-container\">\n\t\t\t\t\t<h2 class=\"elementor-heading-title elementor-size-default\">II. Propri\u00e9t\u00e9 intellectuelle<\/h2>\t\t\t\t<\/div>\n\t\t\t\t<\/div>\n\t\t\t\t<div class=\"elementor-element elementor-element-c43a0b1 elementor-widget elementor-widget-text-editor\" data-id=\"c43a0b1\" data-element_type=\"widget\" data-e-type=\"widget\" data-widget_type=\"text-editor.default\">\n\t\t\t\t<div class=\"elementor-widget-container\">\n\t\t\t\t\t\t\t\t\t<div class=\"ts-element-heading-wrapper ts-heading-inner ts-element-align-left ts-seperator-none vc_custom_1630397810882\"><section class=\"ts-vc_cta3-container\"><div class=\"ts-vc_general ts-vc_cta3 ts-cta3-only ts-vc_cta3-style-classic ts-vc_cta3-shape-rounded ts-vc_cta3-align-left ts-vc_cta3-color-transparent ts-vc_cta3-icon-size-md ts-vc_cta3-actions-no ts-cta3-with-desc\"><div class=\"ts-vc_cta3_content-container\"><div class=\"ts-vc_cta3-content\"><div class=\"ts-cta3-content-wrapper\"><p>Le contenu du Site est la propri\u00e9t\u00e9 de STELLA SA et est prot\u00e9g\u00e9 par les lois belges et internationales en mati\u00e8re de propri\u00e9t\u00e9 intellectuelle.<\/p><p>Toute reproduction, repr\u00e9sentation, modification, publication, transmission, d\u00e9naturation, totale ou partielle du Site ou de son contenu, par quelque proc\u00e9d\u00e9 que ce soit, et sur quelque support que ce soit, est interdite, sauf autorisation pr\u00e9alable et expresse de\u00a0STELLA SA.<\/p><\/div><\/div><\/div><\/div><\/section><\/div>\t\t\t\t\t\t\t\t<\/div>\n\t\t\t\t<\/div>\n\t\t\t\t<div class=\"elementor-element elementor-element-2b17815 elementor-widget-mobile__width-initial elementor-widget elementor-widget-heading\" data-id=\"2b17815\" data-element_type=\"widget\" data-e-type=\"widget\" data-widget_type=\"heading.default\">\n\t\t\t\t<div class=\"elementor-widget-container\">\n\t\t\t\t\t<h2 class=\"elementor-heading-title elementor-size-default\">III. Modification des mentions l\u00e9gales<\/h2>\t\t\t\t<\/div>\n\t\t\t\t<\/div>\n\t\t\t\t<div class=\"elementor-element elementor-element-b9bacb6 elementor-widget elementor-widget-text-editor\" data-id=\"b9bacb6\" data-element_type=\"widget\" data-e-type=\"widget\" data-widget_type=\"text-editor.default\">\n\t\t\t\t<div class=\"elementor-widget-container\">\n\t\t\t\t\t\t\t\t\t<div class=\"ts-element-heading-wrapper ts-heading-inner ts-element-align-left ts-seperator-none vc_custom_1630397810882\"><section class=\"ts-vc_cta3-container\"><div class=\"ts-vc_general ts-vc_cta3 ts-cta3-only ts-vc_cta3-style-classic ts-vc_cta3-shape-rounded ts-vc_cta3-align-left ts-vc_cta3-color-transparent ts-vc_cta3-icon-size-md ts-vc_cta3-actions-no ts-cta3-with-desc\"><div class=\"ts-vc_cta3_content-container\"><div class=\"ts-vc_cta3-content\"><div class=\"ts-cta3-content-wrapper\"><p>STELLA SA\u00a0se r\u00e9serve le droit de modifier, \u00e0 tout moment et sans pr\u00e9avis, les pr\u00e9sentes mentions l\u00e9gales afin de les adapter aux \u00e9volutions du Site et\/ou de son exploitation.<\/p><\/div><\/div><\/div><\/div><\/section><\/div>\t\t\t\t\t\t\t\t<\/div>\n\t\t\t\t<\/div>\n\t\t\t\t<div class=\"elementor-element elementor-element-72c68bd elementor-widget-mobile__width-initial elementor-widget elementor-widget-heading\" data-id=\"72c68bd\" data-element_type=\"widget\" data-e-type=\"widget\" data-widget_type=\"heading.default\">\n\t\t\t\t<div class=\"elementor-widget-container\">\n\t\t\t\t\t<h2 class=\"elementor-heading-title elementor-size-default\">IV. Droit applicable et juridiction comp\u00e9tente<\/h2>\t\t\t\t<\/div>\n\t\t\t\t<\/div>\n\t\t\t\t<div class=\"elementor-element elementor-element-f41dc53 elementor-widget elementor-widget-text-editor\" data-id=\"f41dc53\" data-element_type=\"widget\" data-e-type=\"widget\" data-widget_type=\"text-editor.default\">\n\t\t\t\t<div class=\"elementor-widget-container\">\n\t\t\t\t\t\t\t\t\t<div class=\"ts-element-heading-wrapper ts-heading-inner ts-element-align-left ts-seperator-none vc_custom_1630397810882\"><section class=\"ts-vc_cta3-container\"><div class=\"ts-vc_general ts-vc_cta3 ts-cta3-only ts-vc_cta3-style-classic ts-vc_cta3-shape-rounded ts-vc_cta3-align-left ts-vc_cta3-color-transparent ts-vc_cta3-icon-size-md ts-vc_cta3-actions-no ts-cta3-with-desc\"><div class=\"ts-vc_cta3_content-container\"><div class=\"ts-vc_cta3-content\"><div class=\"ts-cta3-content-wrapper\"><p>Les pr\u00e9sentes mentions l\u00e9gales sont r\u00e9gies et interpr\u00e9t\u00e9es conform\u00e9ment aux lois belges. Tout litige relatif \u00e0 l\u2019utilisation du Site sera soumis aux tribunaux de l\u2019arrondissement judiciaire du Hainaut, division de Tournai, Belgique qui seront seuls comp\u00e9tents.<\/p><\/div><\/div><\/div><\/div><\/section><\/div>\t\t\t\t\t\t\t\t<\/div>\n\t\t\t\t<\/div>\n\t\t\t\t\t<\/div>\n\t\t\t\t<\/div>\n\t\t\t\t<\/div>\n\t\t","protected":false},"excerpt":{"rendered":"<p>Accueil Mentions l\u00e9gales Mentions l\u00e9gales I. Informations Le pr\u00e9sent site internet, accessible \u00e0 l\u2019adresse\u00a0https:\/\/www.stella.fr\/\u00a0(ci-apr\u00e8s \u00ab\u00a0le Site\u00a0\u00bb), est \u00e9dit\u00e9 par\u00a0Dicton Communication\u00a0pour\u00a0STELLA SA\u00a0: D\u00e9nomination de l\u2019entreprise : STELLA SA Adresse \u00e9lectronique : stella@stella.fr Num\u00e9ro de t\u00e9l\u00e9phone : +32 (0)56 56 18 42 Adresse postale :\u00a09B Rue des Garennes 7700 Mouscron Num\u00e9ro de TVA :\u00a0BE0425151097 Coordonn\u00e9es de l\u2019h\u00e9bergeur [&hellip;]<\/p>\n","protected":false},"author":1,"featured_media":0,"parent":0,"menu_order":0,"comment_status":"closed","ping_status":"closed","template":"elementor_header_footer","meta":{"_acf_changed":false,"_seopress_robots_primary_cat":"","_seopress_titles_title":"Mentions l\u00e9gales - Stella","_seopress_titles_desc":"Mentions l\u00e9gales du site Stella SA. Informations sur l'\u00e9diteur, la propri\u00e9t\u00e9 intellectuelle, l'h\u00e9bergement et le droit applicable. Si\u00e8ge social \u00e0 Mouscron, Belgique.","_seopress_robots_index":"","footnotes":""},"class_list":["post-254","page","type-page","status-publish"],"acf":[],"_links":{"self":[{"href":"https:\/\/www.stella.fr\/fr\/wp-json\/wp\/v2\/pages\/254","targetHints":{"allow":["GET"]}}],"collection":[{"href":"https:\/\/www.stella.fr\/fr\/wp-json\/wp\/v2\/pages"}],"about":[{"href":"https:\/\/www.stella.fr\/fr\/wp-json\/wp\/v2\/types\/page"}],"author":[{"embeddable":true,"href":"https:\/\/www.stella.fr\/fr\/wp-json\/wp\/v2\/users\/1"}],"replies":[{"embeddable":true,"href":"https:\/\/www.stella.fr\/fr\/wp-json\/wp\/v2\/comments?post=254"}],"version-history":[{"count":5,"href":"https:\/\/www.stella.fr\/fr\/wp-json\/wp\/v2\/pages\/254\/revisions"}],"predecessor-version":[{"id":4258,"href":"https:\/\/www.stella.fr\/fr\/wp-json\/wp\/v2\/pages\/254\/revisions\/4258"}],"wp:attachment":[{"href":"https:\/\/www.stella.fr\/fr\/wp-json\/wp\/v2\/media?parent=254"}],"curies":[{"name":"wp","href":"https:\/\/api.w.org\/{rel}","templated":true}]}}