{"id":260,"date":"2025-09-15T14:34:43","date_gmt":"2025-09-15T12:34:43","guid":{"rendered":"https:\/\/labodicton.be\/stella\/?page_id=260"},"modified":"2026-04-11T20:36:35","modified_gmt":"2026-04-11T18:36:35","slug":"politique-de-confidentialite","status":"publish","type":"page","link":"https:\/\/www.stella.fr\/fr\/politique-de-confidentialite\/","title":{"rendered":"Politique de confidentialit\u00e9"},"content":{"rendered":"\t\t<div data-elementor-type=\"wp-page\" data-elementor-id=\"260\" class=\"elementor elementor-260\" data-elementor-post-type=\"page\">\n\t\t\t\t<div class=\"elementor-element elementor-element-bd48ebb e-flex e-con-boxed e-con e-parent\" data-id=\"bd48ebb\" data-element_type=\"container\" data-e-type=\"container\" data-settings=\"{&quot;background_background&quot;:&quot;classic&quot;}\">\n\t\t\t\t\t<div class=\"e-con-inner\">\n\t\t\t\t<div class=\"elementor-element elementor-element-300f955 elementor-icon-list--layout-inline elementor-mobile-align-center elementor-list-item-link-full_width elementor-widget elementor-widget-icon-list\" data-id=\"300f955\" data-element_type=\"widget\" data-e-type=\"widget\" data-widget_type=\"icon-list.default\">\n\t\t\t\t<div class=\"elementor-widget-container\">\n\t\t\t\t\t\t\t<ul class=\"elementor-icon-list-items elementor-inline-items\">\n\t\t\t\t\t\t\t<li class=\"elementor-icon-list-item elementor-inline-item\">\n\t\t\t\t\t\t\t\t\t\t\t<a href=\"https:\/\/www.stella.fr\/fr\/\">\n\n\t\t\t\t\t\t\t\t\t\t\t<span class=\"elementor-icon-list-text\">Accueil<\/span>\n\t\t\t\t\t\t\t\t\t\t\t<\/a>\n\t\t\t\t\t\t\t\t\t<\/li>\n\t\t\t\t\t\t\t\t<li class=\"elementor-icon-list-item elementor-inline-item\">\n\t\t\t\t\t\t\t\t\t\t\t<a href=\"https:\/\/www.stella.fr\/fr\/politique-de-confidentialite\/\">\n\n\t\t\t\t\t\t\t\t\t\t\t\t<span class=\"elementor-icon-list-icon\">\n\t\t\t\t\t\t\t<i aria-hidden=\"true\" class=\"icon icon-right-arrow\"><\/i>\t\t\t\t\t\t<\/span>\n\t\t\t\t\t\t\t\t\t\t<span class=\"elementor-icon-list-text\">Politique de confidentialit\u00e9<\/span>\n\t\t\t\t\t\t\t\t\t\t\t<\/a>\n\t\t\t\t\t\t\t\t\t<\/li>\n\t\t\t\t\t\t<\/ul>\n\t\t\t\t\t\t<\/div>\n\t\t\t\t<\/div>\n\t\t\t\t<div class=\"elementor-element elementor-element-1c732d2 elementor-widget elementor-widget-heading\" data-id=\"1c732d2\" data-element_type=\"widget\" data-e-type=\"widget\" data-widget_type=\"heading.default\">\n\t\t\t\t<div class=\"elementor-widget-container\">\n\t\t\t\t\t<h1 class=\"elementor-heading-title elementor-size-default\">Politique de confidentialit\u00e9<\/h1>\t\t\t\t<\/div>\n\t\t\t\t<\/div>\n\t\t\t\t\t<\/div>\n\t\t\t\t<\/div>\n\t\t<div class=\"elementor-element elementor-element-610d149 e-flex e-con-boxed e-con e-parent\" data-id=\"610d149\" data-element_type=\"container\" data-e-type=\"container\">\n\t\t\t\t\t<div class=\"e-con-inner\">\n\t\t\t\t<div class=\"elementor-element elementor-element-1d3d018 elementor-widget elementor-widget-text-editor\" data-id=\"1d3d018\" data-element_type=\"widget\" data-e-type=\"widget\" data-widget_type=\"text-editor.default\">\n\t\t\t\t<div class=\"elementor-widget-container\">\n\t\t\t\t\t\t\t\t\t<div class=\"ts-element-heading-wrapper ts-heading-inner ts-element-align-left ts-seperator-none vc_custom_1630397810882\"><section class=\"ts-vc_cta3-container\"><div class=\"ts-vc_general ts-vc_cta3 ts-cta3-only ts-vc_cta3-style-classic ts-vc_cta3-shape-rounded ts-vc_cta3-align-left ts-vc_cta3-color-transparent ts-vc_cta3-icon-size-md ts-vc_cta3-actions-no ts-cta3-with-desc\"><div class=\"ts-vc_cta3_content-container\"><div class=\"ts-vc_cta3-content\"><div class=\"ts-cta3-content-wrapper\"><p>La pr\u00e9sente politique de confidentialit\u00e9 explique comment\u00a0STELLA SA\u00a0recueille, utilise et prot\u00e8ge les donn\u00e9es personnelles des utilisateurs de ce site web. En tant que responsable du traitement,\u00a0STELLA SA\u00a0s\u2019engage \u00e0 respecter la confidentialit\u00e9 et la s\u00e9curit\u00e9 de vos donn\u00e9es conform\u00e9ment aux dispositions du R\u00e8glement g\u00e9n\u00e9ral sur la protection des donn\u00e9es (RGPD).<\/p><\/div><\/div><\/div><\/div><\/section><\/div>\t\t\t\t\t\t\t\t<\/div>\n\t\t\t\t<\/div>\n\t\t\t\t<div class=\"elementor-element elementor-element-baeb483 elementor-widget-mobile__width-initial elementor-widget elementor-widget-heading\" data-id=\"baeb483\" data-element_type=\"widget\" data-e-type=\"widget\" data-widget_type=\"heading.default\">\n\t\t\t\t<div class=\"elementor-widget-container\">\n\t\t\t\t\t<h2 class=\"elementor-heading-title elementor-size-default\">I. Donn\u00e9es collect\u00e9es<\/h2>\t\t\t\t<\/div>\n\t\t\t\t<\/div>\n\t\t\t\t<div class=\"elementor-element elementor-element-a945a42 elementor-widget elementor-widget-text-editor\" data-id=\"a945a42\" data-element_type=\"widget\" data-e-type=\"widget\" data-widget_type=\"text-editor.default\">\n\t\t\t\t<div class=\"elementor-widget-container\">\n\t\t\t\t\t\t\t\t\t<div class=\"ts-element-heading-wrapper ts-heading-inner ts-element-align-left ts-seperator-none vc_custom_1630397810882\"><section class=\"ts-vc_cta3-container\"><div class=\"ts-vc_general ts-vc_cta3 ts-cta3-only ts-vc_cta3-style-classic ts-vc_cta3-shape-rounded ts-vc_cta3-align-left ts-vc_cta3-color-transparent ts-vc_cta3-icon-size-md ts-vc_cta3-actions-no ts-cta3-with-desc\"><div class=\"ts-vc_cta3_content-container\"><div class=\"ts-vc_cta3-content\"><div class=\"ts-cta3-content-wrapper\"><p>Nous collectons les donn\u00e9es personnelles suivantes via notre site web :<\/p><ul class=\"wp-block-list\"><li><strong>Formulaire de contact<\/strong>\u00a0: Lorsque vous envoyez un message via notre formulaire de contact, nous pouvons collecter les informations suivantes : nom, adresse e-mail, num\u00e9ro de t\u00e9l\u00e9phone, entreprise\/organisme, ainsi que toute autre information que vous choisissez de nous fournir volontairement dans votre message.<\/li><li><strong>Contenu embarqu\u00e9 depuis d\u2019autres sites<\/strong>\u00a0: Les articles et pages de ce site peuvent inclure des contenus int\u00e9gr\u00e9s (par exemple des vid\u00e9os, images, articles\u2026). Le contenu int\u00e9gr\u00e9 depuis d\u2019autres sites se comporte de la m\u00eame mani\u00e8re que si le visiteur se rendait sur cet autre site. Ces sites web pourraient collecter des donn\u00e9es sur vous, utiliser des cookies, embarquer des outils de suivi tiers, suivre vos interactions avec ces contenus embarqu\u00e9s si vous disposez d\u2019un compte connect\u00e9 sur leur site web.<\/li><\/ul><\/div><\/div><\/div><\/div><\/section><\/div>\t\t\t\t\t\t\t\t<\/div>\n\t\t\t\t<\/div>\n\t\t\t\t<div class=\"elementor-element elementor-element-39eb7f3 elementor-widget-mobile__width-initial elementor-widget elementor-widget-heading\" data-id=\"39eb7f3\" data-element_type=\"widget\" data-e-type=\"widget\" data-widget_type=\"heading.default\">\n\t\t\t\t<div class=\"elementor-widget-container\">\n\t\t\t\t\t<h2 class=\"elementor-heading-title elementor-size-default\">II. Finalit\u00e9 de la collecte<\/h2>\t\t\t\t<\/div>\n\t\t\t\t<\/div>\n\t\t\t\t<div class=\"elementor-element elementor-element-c1f728d elementor-widget elementor-widget-text-editor\" data-id=\"c1f728d\" data-element_type=\"widget\" data-e-type=\"widget\" data-widget_type=\"text-editor.default\">\n\t\t\t\t<div class=\"elementor-widget-container\">\n\t\t\t\t\t\t\t\t\t<div class=\"ts-element-heading-wrapper ts-heading-inner ts-element-align-left ts-seperator-none vc_custom_1630397810882\"><section class=\"ts-vc_cta3-container\"><div class=\"ts-vc_general ts-vc_cta3 ts-cta3-only ts-vc_cta3-style-classic ts-vc_cta3-shape-rounded ts-vc_cta3-align-left ts-vc_cta3-color-transparent ts-vc_cta3-icon-size-md ts-vc_cta3-actions-no ts-cta3-with-desc\"><div class=\"ts-vc_cta3_content-container\"><div class=\"ts-vc_cta3-content\"><div class=\"ts-cta3-content-wrapper\"><p>Nous collectons vos donn\u00e9es personnelles dans le but de :<\/p><ul class=\"wp-block-list\"><li>R\u00e9pondre \u00e0 vos demandes de renseignements ou de contact.<\/li><li>Fournir des informations suppl\u00e9mentaires sur nos produits, services ou offres sp\u00e9ciales, si vous avez donn\u00e9 votre consentement pr\u00e9alable.<\/li><li>Respecter nos obligations l\u00e9gales et r\u00e9glementaires.<\/li><\/ul><\/div><\/div><\/div><\/div><\/section><\/div>\t\t\t\t\t\t\t\t<\/div>\n\t\t\t\t<\/div>\n\t\t\t\t<div class=\"elementor-element elementor-element-d5ca149 elementor-widget-mobile__width-initial elementor-widget elementor-widget-heading\" data-id=\"d5ca149\" data-element_type=\"widget\" data-e-type=\"widget\" data-widget_type=\"heading.default\">\n\t\t\t\t<div class=\"elementor-widget-container\">\n\t\t\t\t\t<h2 class=\"elementor-heading-title elementor-size-default\">III. Temps de conservation des donn\u00e9es<\/h2>\t\t\t\t<\/div>\n\t\t\t\t<\/div>\n\t\t\t\t<div class=\"elementor-element elementor-element-bf7d255 elementor-widget elementor-widget-text-editor\" data-id=\"bf7d255\" data-element_type=\"widget\" data-e-type=\"widget\" data-widget_type=\"text-editor.default\">\n\t\t\t\t<div class=\"elementor-widget-container\">\n\t\t\t\t\t\t\t\t\t<div class=\"ts-element-heading-wrapper ts-heading-inner ts-element-align-left ts-seperator-none vc_custom_1630397810882\"><section class=\"ts-vc_cta3-container\"><div class=\"ts-vc_general ts-vc_cta3 ts-cta3-only ts-vc_cta3-style-classic ts-vc_cta3-shape-rounded ts-vc_cta3-align-left ts-vc_cta3-color-transparent ts-vc_cta3-icon-size-md ts-vc_cta3-actions-no ts-cta3-with-desc\"><div class=\"ts-vc_cta3_content-container\"><div class=\"ts-vc_cta3-content\"><div class=\"ts-cta3-content-wrapper\"><p>Nous conservons vos donn\u00e9es personnelles pendant une dur\u00e9e de 36 mois \u00e0 compter de la date de leur collecte. Pass\u00e9 ce d\u00e9lai, les donn\u00e9es seront supprim\u00e9es de nos syst\u00e8mes de mani\u00e8re s\u00e9curis\u00e9e, sauf si la loi nous oblige \u00e0 les conserver plus longtemps.<\/p><\/div><\/div><\/div><\/div><\/section><\/div>\t\t\t\t\t\t\t\t<\/div>\n\t\t\t\t<\/div>\n\t\t\t\t<div class=\"elementor-element elementor-element-325f4eb elementor-widget-mobile__width-initial elementor-widget elementor-widget-heading\" data-id=\"325f4eb\" data-element_type=\"widget\" data-e-type=\"widget\" data-widget_type=\"heading.default\">\n\t\t\t\t<div class=\"elementor-widget-container\">\n\t\t\t\t\t<h2 class=\"elementor-heading-title elementor-size-default\">IV. Faire valoir vos droits<\/h2>\t\t\t\t<\/div>\n\t\t\t\t<\/div>\n\t\t\t\t<div class=\"elementor-element elementor-element-1c0a432 elementor-widget elementor-widget-text-editor\" data-id=\"1c0a432\" data-element_type=\"widget\" data-e-type=\"widget\" data-widget_type=\"text-editor.default\">\n\t\t\t\t<div class=\"elementor-widget-container\">\n\t\t\t\t\t\t\t\t\t<div class=\"ts-element-heading-wrapper ts-heading-inner ts-element-align-left ts-seperator-none vc_custom_1630397810882\"><section class=\"ts-vc_cta3-container\"><div class=\"ts-vc_general ts-vc_cta3 ts-cta3-only ts-vc_cta3-style-classic ts-vc_cta3-shape-rounded ts-vc_cta3-align-left ts-vc_cta3-color-transparent ts-vc_cta3-icon-size-md ts-vc_cta3-actions-no ts-cta3-with-desc\"><div class=\"ts-vc_cta3_content-container\"><div class=\"ts-vc_cta3-content\"><div class=\"ts-cta3-content-wrapper\"><p>Vous avez le droit de demander l\u2019acc\u00e8s \u00e0 vos donn\u00e9es personnelles et d\u2019exercer d\u2019autres droits pr\u00e9vus par la l\u00e9gislation en vigueur. Pour faire valoir vos droits, vous pouvez nous contacter en envoyant un e-mail \u00e0\u00a0<strong>stella@stella.fr<\/strong>\u00a0en indiquant clairement l\u2019objet de votre demande.<\/p><p>Si vous souhaitez exercer l\u2019un des droits suivants :<\/p><ul class=\"wp-block-list\"><li>Demander la rectification de vos donn\u00e9es personnelles inexactes ou incompl\u00e8tes.<\/li><li>Demander la suppression de vos donn\u00e9es personnelles, sous r\u00e9serve des exceptions pr\u00e9vues par la loi.<\/li><li>Vous opposer au traitement de vos donn\u00e9es personnelles pour des motifs l\u00e9gitimes.<\/li><li>Demander la limitation du traitement de vos donn\u00e9es personnelles dans certaines circonstances.<\/li><li>Demander la portabilit\u00e9 de vos donn\u00e9es personnelles vers un autre responsable de traitement.<br \/><br \/><\/li><\/ul><p>Veuillez inclure les informations n\u00e9cessaires dans votre demande, telles que votre nom, votre adresse e-mail et toute autre information permettant de vous identifier, afin que nous puissions traiter votre demande de mani\u00e8re appropri\u00e9e.<\/p><p>Vous pouvez \u00e9galement d\u00e9poser une plainte aupr\u00e8s de l\u2019autorit\u00e9 de contr\u00f4le comp\u00e9tente en mati\u00e8re de protection des donn\u00e9es si vous estimez que le traitement de vos donn\u00e9es personnelles viole les dispositions du RGPD.<\/p><\/div><\/div><\/div><\/div><\/section><\/div>\t\t\t\t\t\t\t\t<\/div>\n\t\t\t\t<\/div>\n\t\t\t\t<div class=\"elementor-element elementor-element-64a5721 elementor-widget-mobile__width-initial elementor-widget elementor-widget-heading\" data-id=\"64a5721\" data-element_type=\"widget\" data-e-type=\"widget\" data-widget_type=\"heading.default\">\n\t\t\t\t<div class=\"elementor-widget-container\">\n\t\t\t\t\t<h2 class=\"elementor-heading-title elementor-size-default\">V. Modification de la politique de confidentialit\u00e9<\/h2>\t\t\t\t<\/div>\n\t\t\t\t<\/div>\n\t\t\t\t<div class=\"elementor-element elementor-element-531f69d elementor-widget elementor-widget-text-editor\" data-id=\"531f69d\" data-element_type=\"widget\" data-e-type=\"widget\" data-widget_type=\"text-editor.default\">\n\t\t\t\t<div class=\"elementor-widget-container\">\n\t\t\t\t\t\t\t\t\t<div class=\"ts-element-heading-wrapper ts-heading-inner ts-element-align-left ts-seperator-none vc_custom_1630397810882\"><section class=\"ts-vc_cta3-container\"><div class=\"ts-vc_general ts-vc_cta3 ts-cta3-only ts-vc_cta3-style-classic ts-vc_cta3-shape-rounded ts-vc_cta3-align-left ts-vc_cta3-color-transparent ts-vc_cta3-icon-size-md ts-vc_cta3-actions-no ts-cta3-with-desc\"><div class=\"ts-vc_cta3_content-container\"><div class=\"ts-vc_cta3-content\"><div class=\"ts-cta3-content-wrapper\"><p>Nous nous r\u00e9servons le droit de modifier \u00e0 tout moment la pr\u00e9sente politique de confidentialit\u00e9, en fonction de l\u2019\u00e9volution de la r\u00e9glementation applicable en mati\u00e8re de protection des donn\u00e9es personnelles. Nous vous informerons de toute modification substantielle de la politique de confidentialit\u00e9 par mail.<\/p><p>Nous vous remercions d\u2019avoir pris connaissance de notre politique de confidentialit\u00e9. Si vous avez des questions suppl\u00e9mentaires ou des pr\u00e9occupations concernant la mani\u00e8re dont nous traitons vos donn\u00e9es personnelles, n\u2019h\u00e9sitez pas \u00e0 nous contacter \u00e0 stella@stella.fr.<\/p><\/div><\/div><\/div><\/div><\/section><\/div>\t\t\t\t\t\t\t\t<\/div>\n\t\t\t\t<\/div>\n\t\t\t\t\t<\/div>\n\t\t\t\t<\/div>\n\t\t\t\t<\/div>\n\t\t","protected":false},"excerpt":{"rendered":"<p>Accueil Politique de confidentialit\u00e9 Politique de confidentialit\u00e9 La pr\u00e9sente politique de confidentialit\u00e9 explique comment\u00a0STELLA SA\u00a0recueille, utilise et prot\u00e8ge les donn\u00e9es personnelles des utilisateurs de ce site web. En tant que responsable du traitement,\u00a0STELLA SA\u00a0s\u2019engage \u00e0 respecter la confidentialit\u00e9 et la s\u00e9curit\u00e9 de vos donn\u00e9es conform\u00e9ment aux dispositions du R\u00e8glement g\u00e9n\u00e9ral sur la protection des donn\u00e9es [&hellip;]<\/p>\n","protected":false},"author":1,"featured_media":0,"parent":0,"menu_order":0,"comment_status":"closed","ping_status":"closed","template":"elementor_header_footer","meta":{"_acf_changed":false,"_seopress_robots_primary_cat":"","_seopress_titles_title":"Politique de confidentialit\u00e9 - Stella","_seopress_titles_desc":"Politique de confidentialit\u00e9 de Stella SA. Informations sur la collecte, l'utilisation et la protection de vos donn\u00e9es personnelles conform\u00e9ment au RGPD. Exercez vos droits \u00e0 stella@stella.fr.","_seopress_robots_index":"","footnotes":""},"class_list":["post-260","page","type-page","status-publish"],"acf":[],"_links":{"self":[{"href":"https:\/\/www.stella.fr\/fr\/wp-json\/wp\/v2\/pages\/260","targetHints":{"allow":["GET"]}}],"collection":[{"href":"https:\/\/www.stella.fr\/fr\/wp-json\/wp\/v2\/pages"}],"about":[{"href":"https:\/\/www.stella.fr\/fr\/wp-json\/wp\/v2\/types\/page"}],"author":[{"embeddable":true,"href":"https:\/\/www.stella.fr\/fr\/wp-json\/wp\/v2\/users\/1"}],"replies":[{"embeddable":true,"href":"https:\/\/www.stella.fr\/fr\/wp-json\/wp\/v2\/comments?post=260"}],"version-history":[{"count":5,"href":"https:\/\/www.stella.fr\/fr\/wp-json\/wp\/v2\/pages\/260\/revisions"}],"predecessor-version":[{"id":4261,"href":"https:\/\/www.stella.fr\/fr\/wp-json\/wp\/v2\/pages\/260\/revisions\/4261"}],"wp:attachment":[{"href":"https:\/\/www.stella.fr\/fr\/wp-json\/wp\/v2\/media?parent=260"}],"curies":[{"name":"wp","href":"https:\/\/api.w.org\/{rel}","templated":true}]}}